{"id":91,"date":"2013-08-20T12:02:43","date_gmt":"2013-08-20T10:02:43","guid":{"rendered":"http:\/\/seychelles.evolutiontravel.it\/infovacanze\/?page_id=91"},"modified":"2018-10-25T15:43:01","modified_gmt":"2018-10-25T13:43:01","slug":"sposarsi-alle-seychelles","status":"publish","type":"page","link":"https:\/\/seychelles.evolutiontravel.it\/infovacanze\/vacanza\/sposarsi-alle-seychelles\/","title":{"rendered":"Sposarsi alle Seychelles"},"content":{"rendered":"<p>Perch\u00e8 <strong>sposarsi alle Seychelles<\/strong>? Per un sacco di motivi: quanto tempo avete per leggere questo articolo? Beh, diciamo innazitutto che celebrare il matrimonio sulle <strong>bianche e paradisiache spiagge<\/strong> delle isole dell&#8217;Arcipelago \u00e8 un&#8217;idea originalissima che pu\u00f2 anche essere pi\u00f9 economica di quanto pensiate ed \u00e8 infatti per questo che sempre pi\u00f9 coppie decidono di dirsi &#8220;s\u00ec&#8221; dichiarandosi amore eterno in questa location fatta di panorami mozzafiato e molti altri scelgono le Seychelles proprio <a title=\"seychelles viaggio di nozze\" href=\"https:\/\/seychelles.evolutiontravel.it\/infovacanze\/vacanza\/viaggio-di-nozze\/\">per il viaggio di nozze<\/a>.<\/p>\n<p>Ovviamente, come per l&#8217;organizzazione di qualsiasi &#8220;classico&#8221; matrimonio, anche in questo caso sar\u00e0 necessario preparsi adeguatamente. Prima di tutto pensate al <strong>tipo di celebreazione<\/strong> che volete fare: cattolica o civile? Nel primo caso dovrete coordinarvi con la diocesi locale.<\/p>\n<p><img loading=\"lazy\" decoding=\"async\" class=\"size-medium wp-image-335 alignright\" src=\"https:\/\/seychelles.evolutiontravel.it\/infovacanze\/wp-content\/uploads\/sites\/16\/2014\/07\/Nozze-alle-Seychelles-300x171.jpg\" alt=\"sposarsi alle Seychelles\" width=\"300\" height=\"171\" srcset=\"https:\/\/seychelles.evolutiontravel.it\/infovacanze\/wp-content\/uploads\/sites\/16\/2014\/07\/Nozze-alle-Seychelles-300x171.jpg 300w, https:\/\/seychelles.evolutiontravel.it\/infovacanze\/wp-content\/uploads\/sites\/16\/2014\/07\/Nozze-alle-Seychelles-1024x584.jpg 1024w, https:\/\/seychelles.evolutiontravel.it\/infovacanze\/wp-content\/uploads\/sites\/16\/2014\/07\/Nozze-alle-Seychelles-500x285.jpg 500w, https:\/\/seychelles.evolutiontravel.it\/infovacanze\/wp-content\/uploads\/sites\/16\/2014\/07\/Nozze-alle-Seychelles.jpg 1055w\" sizes=\"(max-width: 300px) 100vw, 300px\" \/> Intanto vediamo insieme <strong>alcuni consigli<\/strong> per i futuri sposi.<\/p>\n<h2>Documenti per il matrimonio alle Seychelles<\/h2>\n<p>I documenti necessari per devono essere <strong>inviati circa venticinque giorni prima<\/strong> della data fissata per le nozze e sono:<\/p>\n<ul>\n<li>passaporto;<\/li>\n<li>atto di nascita;<\/li>\n<li>certificato di residenza e di stato civile o ulteriori documentazioni in caso, ad esempio, di divorzio.<\/li>\n<\/ul>\n<p>Tutta la documentazione deve essere inviata <strong>in multilingua<\/strong>.<\/p>\n<h2>Scegliere l&#8217;isola per la cerimonia<\/h2>\n<p>Per scegliere l&#8217;isola che sar\u00e0 la il luogo della cerimonia <a title=\"seychelles clima\" href=\"https:\/\/seychelles.evolutiontravel.it\/infovacanze\/informazioni\/clima\/\"><strong>tenete conto del clima<\/strong><\/a>. <strong>Il periodo migliore<\/strong> \u00e8 generalmente quello che va\u00a0<strong>da aprile ad ottobre<\/strong>: aria fresca e secca e possibilit\u00e0 di rovesci basse e concentrate per lo pi\u00f9 nelle ore notturne. Mentre evitate l&#8217;estate australe e cio\u00e8 dicembre, gennaio, luglio e agosto: il monsone di Nord-Ovest porta caldo e umidit\u00e0.<\/p>\n<p>Per scegliere <strong>la spiaggia<\/strong> che pi\u00f9 vi piace tenete conto anche <strong>delle maree; <\/strong>tra le pi\u00f9 gettonate ci sono:<\/p>\n<ul>\n<li><strong>Cap Lazare<\/strong> a <a title=\"mahe\" href=\"https:\/\/seychelles.evolutiontravel.it\/infovacanze\/destinazioni\/mahe\/\"><strong>Mah\u00e8<\/strong><\/a><\/li>\n<li><strong>Anse Lazio <\/strong>a<a title=\"praslin\" href=\"https:\/\/seychelles.evolutiontravel.it\/infovacanze\/destinazioni\/praslin\/\"><strong> Praslin<\/strong><\/a><\/li>\n<li><strong>Anse Coco <\/strong>a<a title=\"la digue\" href=\"https:\/\/seychelles.evolutiontravel.it\/infovacanze\/destinazioni\/la-digue\/\"><strong> La Digue<\/strong><\/a>.<\/li>\n<\/ul>\n<p>A questo punto potete pensare all&#8217;<strong>addobbo floreale<\/strong>: siete in un paradiso naturale quindi date spazio alla vostra fantasia, sbizzarritevi con i <strong>fiori tropicali locali<\/strong> e create uno scenario da favola, lasciando tutto il pi\u00f9 naturale possibile visto che qualsiasi isola o <a title=\"luoghi di interesse seychelles\" href=\"https:\/\/seychelles.evolutiontravel.it\/infovacanze\/destinazioni\/\">destinazione dell&#8217;arcipelago<\/a> abbiate scelto sar\u00e0 gi\u00e0 di per s\u00e8 una location straordinaria.<\/p>\n<p>Per quanto riguarda <strong>i vestiti della cerimonia<\/strong> il consiglio \u00e8 di abbandonare l&#8217;idea del classico vestito da sposa o sposo: sarete <strong>a piedi nudi nella sabbia<\/strong> per cui una mise semplice ma raffinata baster\u00e0 sicuramente. E poi ci sono ancora il <strong>fotografo, il banchetto nuziale, la wedding cake, il parrucchiere, l&#8217;estetista<\/strong>: tutti particolari non trascurabili.<\/p>\n<p>&nbsp;<\/p>\n<h3 style=\"text-align: center\">Speciale &#8220;ULTIME OFFERTE Viaggi di nozze alle Seychelles&#8221;<\/h3>\n<p style=\"text-align: center\">In un clic scopri: <strong>programma<\/strong> con <strong>attivit\u00e0 e luoghi<\/strong>, <strong>commenti e recensioni<\/strong> dei viaggiatori,<strong> foto <\/strong>e <strong>date<\/strong>!<\/p>\n<p style=\"text-align: center\"><span style=\"color: #008000\"><strong>CLICCA ADESSO: NON PERDERE LA TUA OCCASIONE!<\/strong><\/span><\/p>\n<div class=\"feedzy-003736cda0347b87fc7dbbaeede6d590 feedzy-rss\"><ul>Feed has no items.<\/ul> <\/div>\n","protected":false},"excerpt":{"rendered":"<p>Perch\u00e8 sposarsi alle Seychelles? Per un sacco di motivi: quanto tempo avete per leggere questo articolo? Beh, diciamo innazitutto che celebrare il matrimonio sulle bianche e paradisiache spiagge delle isole dell&#8217;Arcipelago \u00e8 un&#8217;idea originalissima che pu\u00f2 anche essere pi\u00f9 economica di quanto pensiate ed \u00e8 infatti per questo che sempre pi\u00f9 coppie decidono di dirsi <a class=\"moretag\" href=\"https:\/\/seychelles.evolutiontravel.it\/infovacanze\/vacanza\/sposarsi-alle-seychelles\/\">[&#8230;]<\/a><\/p>\n","protected":false},"author":1,"featured_media":0,"parent":60,"menu_order":0,"comment_status":"closed","ping_status":"open","template":"templates\/template-with-right-sidebar.php","meta":{"footnotes":""},"yoast_head":"<!-- This site is optimized with the Yoast SEO plugin v21.9.1 - https:\/\/yoast.com\/wordpress\/plugins\/seo\/ -->\n<title>Matrimonio alle Seychelles? Ecco come, quando e perch\u00e8 - Consigli e informazioni<\/title>\n<meta name=\"description\" content=\"Dai nostri consulenti di viaggio una guida utile e pratica per chi vuole sposarsi alle Seychelles: ecco cosa fare, dove e come!\" \/>\n<meta name=\"robots\" content=\"index, follow, max-snippet:-1, max-image-preview:large, max-video-preview:-1\" \/>\n<link rel=\"canonical\" href=\"https:\/\/seychelles.evolutiontravel.it\/infovacanze\/vacanza\/sposarsi-alle-seychelles\/\" \/>\n<meta name=\"twitter:label1\" content=\"Tempo di lettura stimato\" \/>\n\t<meta name=\"twitter:data1\" content=\"2 minuti\" \/>\n<script type=\"application\/ld+json\" class=\"yoast-schema-graph\">{\"@context\":\"https:\/\/schema.org\",\"@graph\":[{\"@type\":\"WebPage\",\"@id\":\"https:\/\/seychelles.evolutiontravel.it\/infovacanze\/vacanza\/sposarsi-alle-seychelles\/\",\"url\":\"https:\/\/seychelles.evolutiontravel.it\/infovacanze\/vacanza\/sposarsi-alle-seychelles\/\",\"name\":\"Matrimonio alle Seychelles? Ecco come, quando e perch\u00e8 - Consigli e informazioni\",\"isPartOf\":{\"@id\":\"https:\/\/seychelles.evolutiontravel.it\/infovacanze\/#website\"},\"datePublished\":\"2013-08-20T10:02:43+00:00\",\"dateModified\":\"2018-10-25T13:43:01+00:00\",\"description\":\"Dai nostri consulenti di viaggio una guida utile e pratica per chi vuole sposarsi alle Seychelles: ecco cosa fare, dove e come!\",\"breadcrumb\":{\"@id\":\"https:\/\/seychelles.evolutiontravel.it\/infovacanze\/vacanza\/sposarsi-alle-seychelles\/#breadcrumb\"},\"inLanguage\":\"it-IT\",\"potentialAction\":[{\"@type\":\"ReadAction\",\"target\":[\"https:\/\/seychelles.evolutiontravel.it\/infovacanze\/vacanza\/sposarsi-alle-seychelles\/\"]}]},{\"@type\":\"BreadcrumbList\",\"@id\":\"https:\/\/seychelles.evolutiontravel.it\/infovacanze\/vacanza\/sposarsi-alle-seychelles\/#breadcrumb\",\"itemListElement\":[{\"@type\":\"ListItem\",\"position\":1,\"name\":\"Vacanze\",\"item\":\"https:\/\/seychelles.evolutiontravel.it\/infovacanze\/vacanza\/\"},{\"@type\":\"ListItem\",\"position\":2,\"name\":\"Sposarsi alle Seychelles\"}]},{\"@type\":\"WebSite\",\"@id\":\"https:\/\/seychelles.evolutiontravel.it\/infovacanze\/#website\",\"url\":\"https:\/\/seychelles.evolutiontravel.it\/infovacanze\/\",\"name\":\"Seychelles\",\"description\":\"\",\"potentialAction\":[{\"@type\":\"SearchAction\",\"target\":{\"@type\":\"EntryPoint\",\"urlTemplate\":\"https:\/\/seychelles.evolutiontravel.it\/infovacanze\/?s={search_term_string}\"},\"query-input\":\"required name=search_term_string\"}],\"inLanguage\":\"it-IT\"}]}<\/script>\n<!-- \/ Yoast SEO plugin. -->","yoast_head_json":{"title":"Matrimonio alle Seychelles? Ecco come, quando e perch\u00e8 - Consigli e informazioni","description":"Dai nostri consulenti di viaggio una guida utile e pratica per chi vuole sposarsi alle Seychelles: ecco cosa fare, dove e come!","robots":{"index":"index","follow":"follow","max-snippet":"max-snippet:-1","max-image-preview":"max-image-preview:large","max-video-preview":"max-video-preview:-1"},"canonical":"https:\/\/seychelles.evolutiontravel.it\/infovacanze\/vacanza\/sposarsi-alle-seychelles\/","twitter_misc":{"Tempo di lettura stimato":"2 minuti"},"schema":{"@context":"https:\/\/schema.org","@graph":[{"@type":"WebPage","@id":"https:\/\/seychelles.evolutiontravel.it\/infovacanze\/vacanza\/sposarsi-alle-seychelles\/","url":"https:\/\/seychelles.evolutiontravel.it\/infovacanze\/vacanza\/sposarsi-alle-seychelles\/","name":"Matrimonio alle Seychelles? Ecco come, quando e perch\u00e8 - Consigli e informazioni","isPartOf":{"@id":"https:\/\/seychelles.evolutiontravel.it\/infovacanze\/#website"},"datePublished":"2013-08-20T10:02:43+00:00","dateModified":"2018-10-25T13:43:01+00:00","description":"Dai nostri consulenti di viaggio una guida utile e pratica per chi vuole sposarsi alle Seychelles: ecco cosa fare, dove e come!","breadcrumb":{"@id":"https:\/\/seychelles.evolutiontravel.it\/infovacanze\/vacanza\/sposarsi-alle-seychelles\/#breadcrumb"},"inLanguage":"it-IT","potentialAction":[{"@type":"ReadAction","target":["https:\/\/seychelles.evolutiontravel.it\/infovacanze\/vacanza\/sposarsi-alle-seychelles\/"]}]},{"@type":"BreadcrumbList","@id":"https:\/\/seychelles.evolutiontravel.it\/infovacanze\/vacanza\/sposarsi-alle-seychelles\/#breadcrumb","itemListElement":[{"@type":"ListItem","position":1,"name":"Vacanze","item":"https:\/\/seychelles.evolutiontravel.it\/infovacanze\/vacanza\/"},{"@type":"ListItem","position":2,"name":"Sposarsi alle Seychelles"}]},{"@type":"WebSite","@id":"https:\/\/seychelles.evolutiontravel.it\/infovacanze\/#website","url":"https:\/\/seychelles.evolutiontravel.it\/infovacanze\/","name":"Seychelles","description":"","potentialAction":[{"@type":"SearchAction","target":{"@type":"EntryPoint","urlTemplate":"https:\/\/seychelles.evolutiontravel.it\/infovacanze\/?s={search_term_string}"},"query-input":"required name=search_term_string"}],"inLanguage":"it-IT"}]}},"_links":{"self":[{"href":"https:\/\/seychelles.evolutiontravel.it\/infovacanze\/wp-json\/wp\/v2\/pages\/91"}],"collection":[{"href":"https:\/\/seychelles.evolutiontravel.it\/infovacanze\/wp-json\/wp\/v2\/pages"}],"about":[{"href":"https:\/\/seychelles.evolutiontravel.it\/infovacanze\/wp-json\/wp\/v2\/types\/page"}],"author":[{"embeddable":true,"href":"https:\/\/seychelles.evolutiontravel.it\/infovacanze\/wp-json\/wp\/v2\/users\/1"}],"replies":[{"embeddable":true,"href":"https:\/\/seychelles.evolutiontravel.it\/infovacanze\/wp-json\/wp\/v2\/comments?post=91"}],"version-history":[{"count":8,"href":"https:\/\/seychelles.evolutiontravel.it\/infovacanze\/wp-json\/wp\/v2\/pages\/91\/revisions"}],"predecessor-version":[{"id":984,"href":"https:\/\/seychelles.evolutiontravel.it\/infovacanze\/wp-json\/wp\/v2\/pages\/91\/revisions\/984"}],"up":[{"embeddable":true,"href":"https:\/\/seychelles.evolutiontravel.it\/infovacanze\/wp-json\/wp\/v2\/pages\/60"}],"wp:attachment":[{"href":"https:\/\/seychelles.evolutiontravel.it\/infovacanze\/wp-json\/wp\/v2\/media?parent=91"}],"curies":[{"name":"wp","href":"https:\/\/api.w.org\/{rel}","templated":true}]}}