{"id":30,"date":"2013-08-20T11:25:28","date_gmt":"2013-08-20T09:25:28","guid":{"rendered":"http:\/\/seychelles.evolutiontravel.it\/infovacanze\/?page_id=30"},"modified":"2018-10-25T14:49:06","modified_gmt":"2018-10-25T12:49:06","slug":"quando-andare","status":"publish","type":"page","link":"https:\/\/seychelles.evolutiontravel.it\/infovacanze\/informazioni\/quando-andare\/","title":{"rendered":"Quando fare una vacanza alle Seychelles"},"content":{"rendered":"<p>Il periodo ideale per <strong>andare alle Seychelles<\/strong> va <strong>da aprile a ottobre<\/strong>, in questi mesi il <strong>clima \u00e8 pi\u00f9 fresco e secco<\/strong> grazie anche al monsone che arriva da Sud-Est e c&#8217;\u00e8 la pioggia generalmente solo nelle ore notturne.<\/p>\n<p>Posto a Sud dell&#8217;Equatore, l&#8217;arcipelago gode di un\u00a0<strong>clima tropicale<\/strong>\u00a0che pu\u00f2 portare perturbazioni atmosferiche, ma non significa che non possiate godervi una bella vacanza in uno dei luoghi pi\u00f9 affascinanti del mondo. Infatti, <strong>proprio grazie ai\u00a0venti <\/strong>le condizioni climatiche sono favorevoli e le temperature sono miti.<\/p>\n<p>Durante tutto l&#8217;anno le <strong>medie minime<\/strong> si aggirano intorno ai<strong> 24\u00b0 &#8211; 30\u00b0, <\/strong>le <strong>temperature dell&#8217;acqua marina vanno dai 26\u00b0 ai 30\u00b0 <\/strong>e la brezza che arriva dal mare evita forti escursioni termiche. Inoltre le Seychelles si trovano in una posizione lontana dalla zona solitamente interessata dai cicloni tropicali.<\/p>\n<p><img loading=\"lazy\" decoding=\"async\" class=\"alignright wp-image-341 size-medium\" src=\"http:\/\/seychelles.evolutiontravel.it\/infovacanze\/wp-content\/uploads\/sites\/16\/2014\/07\/Visitare-le-Seychelles-300x201.jpg\" alt=\"Spiaggia e mare con barche a vela\" width=\"300\" height=\"201\" srcset=\"https:\/\/seychelles.evolutiontravel.it\/infovacanze\/wp-content\/uploads\/sites\/16\/2014\/07\/Visitare-le-Seychelles-300x201.jpg 300w, https:\/\/seychelles.evolutiontravel.it\/infovacanze\/wp-content\/uploads\/sites\/16\/2014\/07\/Visitare-le-Seychelles-446x300.jpg 446w, https:\/\/seychelles.evolutiontravel.it\/infovacanze\/wp-content\/uploads\/sites\/16\/2014\/07\/Visitare-le-Seychelles.jpg 540w\" sizes=\"(max-width: 300px) 100vw, 300px\" \/>Per scegliere il giorno di partenza dovrete tenere conto di <strong>una serie di variabili<\/strong> che non riguardano comunque solo le Seychelles ma in generale qualsiasi viaggio in un paese lontano.<\/p>\n<p><strong>Che tipo di vacanza stare programmando?<\/strong><\/p>\n<ul>\n<li>se siete sportivi ed amate il\u00a0<strong>windsurf\u00a0e la\u00a0vela<\/strong> allora <strong>maggio e ottobre<\/strong> sono decisamente i mesi migliori.<\/li>\n<li>Se volete <strong>fare immersioni <\/strong>prenotate <strong>da marzo a maggio<\/strong> o da <strong>settembre a ottobre<\/strong>.<\/li>\n<li><a title=\"seychelles viaggi di nozze\" href=\"https:\/\/seychelles.evolutiontravel.it\/infovacanze\/vacanza\/viaggio-di-nozze\/\">In viaggio di nozze?<\/a> Da aprile a ottobre \u00e8 sempre il momento buono!<\/li>\n<\/ul>\n<p>Se andrete a maggio sappiate che \u00e8 a questo mese che va il primato delle ore di sole quotidiane,\u00a0 8-9 al giorno.<\/p>\n<h2>Quando NON andare alle Seychelles<\/h2>\n<p><strong>I\u00a0mesi sconsigliati<\/strong>\u00a0sono <strong>dicembre, gennaio, luglio e agosto<\/strong>.<\/p>\n<p>I primi due sono quelli pi\u00f9 instabili e meno soleggiati con una media di ore di sole quotidiane di 5-6 ore al massimo.<br \/>\nA gennaio e febbraio si concentrano inoltre le giornate pi\u00f9 piovose dell&#8217;anno: \u00e8 l&#8217;<strong>estate australe<\/strong>\u00a0(il nostro inverno), durante la quale soffia il monsone di Nord-Ovest, caldo e umido, che provoca rovesci.<\/p>\n<p>La <strong>stagione delle piogge\u00a0va da novembre ad aprile <\/strong>con un alto tasso di\u00a0umidit\u00e0 che, pur essendo certamente fastidioso, ha per\u00f2 il merito di favorire una vegetazione lussureggiante e particolarmente rigogliosa.<\/p>\n<h2>Il clima delle Seychelles, mese per mese<\/h2>\n<p>Per approfondire ogni mese e conoscere le condizioni climatiche e le temperature nell&#8217;arcipelago, clicca su quello di tuo interesse qui di seguito:<\/p>\n<ul>\n<li><u><a title=\"seychelles a febbraio\" href=\"https:\/\/seychelles.evolutiontravel.it\/infovacanze\/vacanza\/vacanze-seychelles-febbraio\/\">Febbraio<\/a><\/u><\/li>\n<li><u><a title=\"seychelles a giugno e agosto\" href=\"https:\/\/seychelles.evolutiontravel.it\/infovacanze\/vacanza\/vacanza-seychelles-giugno\/\">Giugno e Agosto<\/a><\/u><\/li>\n<li><u><a title=\"seychelles a settembre\" href=\"https:\/\/seychelles.evolutiontravel.it\/infovacanze\/vacanza\/vacanza-seychelles-settembre\/\">Settembre<\/a><\/u><\/li>\n<\/ul>\n<h3 style=\"text-align: center\">ULTIME OFFERTE DELLA SETTIMANA: <span style=\"color: #008000\">SPECIALE SEYCHELLES<\/span><\/h3>\n<p style=\"text-align: center\"><strong><span style=\"color: #008000\">CLICCA SULLE OFFERTE E SCOPRI SUBITO<\/span><\/strong>:<\/p>\n<p style=\"text-align: center\"><strong>durata pacchetto<\/strong>, <strong>strutture<\/strong> ricettive, <strong>descrizione del viaggio<\/strong>, <strong>commenti<\/strong>, tante<strong> foto<\/strong> e molto altro ancora!<\/p>\n<div class=\"feedzy-7eb8076401f71dec22298d6ccd89193f feedzy-rss\">\n\t\t<ul class=\"feedzy-style2\">\n\t\t\t\t\t<li  style=\"padding: 23px 0 38px\" class=\"rss_item feedzy-rss-col-3\" >\n\t\t\t\t\t\t\t\t\t<div class=\"rss_image\" style=\"width:225px; height:225px;\">\n\t\t\t\t\t\t<a href=\"https:\/\/seychelles.evolutiontravel.it\/it_IT\/899\/tab\/41644_gardens-hills.html\" target=\"_blank\" \n\t\t\t\t\t\t\trel=\"noopener \"\n\t\t\t\t\t\t\ttitle=\"Gardens Hills\"\n\t\t\t\t\t\t\tstyle=\"width:225px; height:225px;\">\n\t\t\t\t\t\t\t<span class=\"fetched\" style=\"background-image:  url('http:\/\/etcdn.net\/thumbnails\/41644\/it-mahe-gardens-hills-87d1f.jpg');\" title=\"Gardens Hills\"><\/span><amp-img width=\"225\" height=\"225\" src=\"http:\/\/etcdn.net\/thumbnails\/41644\/it-mahe-gardens-hills-87d1f.jpg\">\t\t\t\t\t\t<\/a>\n\t\t\t\t\t<\/div>\n\t\t\t\t\t\t\t\t<div class=\"rss_content_wrap\">\n\t\t\t\t\t<span class=\"title\">\n\t\t\t\t\t\t<a href=\"https:\/\/seychelles.evolutiontravel.it\/it_IT\/899\/tab\/41644_gardens-hills.html\" target=\"_blank\"  rel=\"noopener \">\n\t\t\t\t\t\t\tGardens Hills\t\t\t\t\t\t<\/a>\n\t\t\t\t\t<\/span>\n\t\t\t\t\t<div class=\"rss_content\"\n\t\t\t\t\t\t\tstyle=\"\">\n\t\t\t\t\t\t\n\t\t\t\t\t\t\t\t\t\t\t\t<p class=\"description\">Garden Hills, immerso nel verde di Mah\u00e9, \u00e8 un rifugio tranquillo dove natura e semplicit\u00e0 si incontrano. Tra colline tropicali [&hellip;]<\/p>\n\t\t\t\t\t\t\n\t\t\t\t\t\t\t\t\t\t\t\t\t\t\t\t\t\t\t<div class=\"price-wrap\">\n\t\t\t\t\t\t\t\t<a href=\"https:\/\/seychelles.evolutiontravel.it\/it_IT\/899\/tab\/41644_gardens-hills.html\" target=\"_blank\" rel=\"noopener\"><button class=\"price\"> 2540<\/button><\/a>\n\t\t\t\t\t\t\t<\/div>\n\t\t\t\t\t\t\t\t\t\t\t<\/div>\n\t\t\t\t<\/div>\n\t\t\t<\/li>\n\t\t\t\t\t\t<li  style=\"padding: 23px 0 38px\" class=\"rss_item feedzy-rss-col-3\" >\n\t\t\t\t\t\t\t\t\t<div class=\"rss_image\" style=\"width:225px; height:225px;\">\n\t\t\t\t\t\t<a href=\"https:\/\/seychelles.evolutiontravel.it\/it_IT\/899\/tab\/41642_crown-beach-hotel.html\" target=\"_blank\" \n\t\t\t\t\t\t\trel=\"noopener \"\n\t\t\t\t\t\t\ttitle=\"Crown Beach Hotel\"\n\t\t\t\t\t\t\tstyle=\"width:225px; height:225px;\">\n\t\t\t\t\t\t\t<span class=\"fetched\" style=\"background-image:  url('http:\/\/etcdn.net\/thumbnails\/41642\/it-mahe-crown-beach-hotel-87cfb.jpg');\" title=\"Crown Beach Hotel\"><\/span><amp-img width=\"225\" height=\"225\" src=\"http:\/\/etcdn.net\/thumbnails\/41642\/it-mahe-crown-beach-hotel-87cfb.jpg\">\t\t\t\t\t\t<\/a>\n\t\t\t\t\t<\/div>\n\t\t\t\t\t\t\t\t<div class=\"rss_content_wrap\">\n\t\t\t\t\t<span class=\"title\">\n\t\t\t\t\t\t<a href=\"https:\/\/seychelles.evolutiontravel.it\/it_IT\/899\/tab\/41642_crown-beach-hotel.html\" target=\"_blank\"  rel=\"noopener \">\n\t\t\t\t\t\t\tCrown Beach Hotel\t\t\t\t\t\t<\/a>\n\t\t\t\t\t<\/span>\n\t\t\t\t\t<div class=\"rss_content\"\n\t\t\t\t\t\t\tstyle=\"\">\n\t\t\t\t\t\t\n\t\t\t\t\t\t\t\t\t\t\t\t<p class=\"description\">Crown Beach Hotel, ad Anse Royale, \u00e8 un rifugio intimo affacciato su acque cristalline. Qui il tempo rallenta tra sabbia chiara, [&hellip;]<\/p>\n\t\t\t\t\t\t\n\t\t\t\t\t\t\t\t\t\t\t\t\t\t\t\t\t\t\t<div class=\"price-wrap\">\n\t\t\t\t\t\t\t\t<a href=\"https:\/\/seychelles.evolutiontravel.it\/it_IT\/899\/tab\/41642_crown-beach-hotel.html\" target=\"_blank\" rel=\"noopener\"><button class=\"price\"> 1960<\/button><\/a>\n\t\t\t\t\t\t\t<\/div>\n\t\t\t\t\t\t\t\t\t\t\t<\/div>\n\t\t\t\t<\/div>\n\t\t\t<\/li>\n\t\t\t\t\t\t<li  style=\"padding: 23px 0 38px\" class=\"rss_item feedzy-rss-col-3\" >\n\t\t\t\t\t\t\t\t\t<div class=\"rss_image\" style=\"width:225px; height:225px;\">\n\t\t\t\t\t\t<a href=\"https:\/\/seychelles.evolutiontravel.it\/it_IT\/899\/tab\/41639_marie-laure-suites-luxury-holiday-apartments.html\" target=\"_blank\" \n\t\t\t\t\t\t\trel=\"noopener \"\n\t\t\t\t\t\t\ttitle=\"Marie Laure Suites Luxury Holiday Apartments\"\n\t\t\t\t\t\t\tstyle=\"width:225px; height:225px;\">\n\t\t\t\t\t\t\t<span class=\"fetched\" style=\"background-image:  url('http:\/\/etcdn.net\/thumbnails\/41639\/it-mahe-marie-laure-suites-luxury-holiday-apartments-87ce2.jpg');\" title=\"Marie Laure Suites Luxury Holiday Apartments\"><\/span><amp-img width=\"225\" height=\"225\" src=\"http:\/\/etcdn.net\/thumbnails\/41639\/it-mahe-marie-laure-suites-luxury-holiday-apartments-87ce2.jpg\">\t\t\t\t\t\t<\/a>\n\t\t\t\t\t<\/div>\n\t\t\t\t\t\t\t\t<div class=\"rss_content_wrap\">\n\t\t\t\t\t<span class=\"title\">\n\t\t\t\t\t\t<a href=\"https:\/\/seychelles.evolutiontravel.it\/it_IT\/899\/tab\/41639_marie-laure-suites-luxury-holiday-apartments.html\" target=\"_blank\"  rel=\"noopener \">\n\t\t\t\t\t\t\tMarie Laure Suites Luxury Holiday Apartments\t\t\t\t\t\t<\/a>\n\t\t\t\t\t<\/span>\n\t\t\t\t\t<div class=\"rss_content\"\n\t\t\t\t\t\t\tstyle=\"\">\n\t\t\t\t\t\t\n\t\t\t\t\t\t\t\t\t\t\t\t<p class=\"description\">Marie Laure Apartments, a Mah\u00e9, offrono un rifugio intimo immerso nella natura, con vista mare e ambienti accoglienti: la [&hellip;]<\/p>\n\t\t\t\t\t\t\n\t\t\t\t\t\t\t\t\t\t\t\t\t\t\t\t\t\t\t<div class=\"price-wrap\">\n\t\t\t\t\t\t\t\t<a href=\"https:\/\/seychelles.evolutiontravel.it\/it_IT\/899\/tab\/41639_marie-laure-suites-luxury-holiday-apartments.html\" target=\"_blank\" rel=\"noopener\"><button class=\"price\"> 1440<\/button><\/a>\n\t\t\t\t\t\t\t<\/div>\n\t\t\t\t\t\t\t\t\t\t\t<\/div>\n\t\t\t\t<\/div>\n\t\t\t<\/li>\n\t\t\t\t\t\t<li  style=\"padding: 23px 0 38px\" class=\"rss_item feedzy-rss-col-3\" >\n\t\t\t\t\t\t\t\t\t<div class=\"rss_image\" style=\"width:225px; height:225px;\">\n\t\t\t\t\t\t<a href=\"https:\/\/seychelles.evolutiontravel.it\/it_IT\/899\/tab\/41640_le-relax-hotel-and-restaurant.html\" target=\"_blank\" \n\t\t\t\t\t\t\trel=\"noopener \"\n\t\t\t\t\t\t\ttitle=\"Le Relax Hotel and Restaurant\"\n\t\t\t\t\t\t\tstyle=\"width:225px; height:225px;\">\n\t\t\t\t\t\t\t<span class=\"fetched\" style=\"background-image:  url('http:\/\/etcdn.net\/thumbnails\/41640\/it-mahe-le-relax-hotel-and-restaurant-87cec.jpg');\" title=\"Le Relax Hotel and Restaurant\"><\/span><amp-img width=\"225\" height=\"225\" src=\"http:\/\/etcdn.net\/thumbnails\/41640\/it-mahe-le-relax-hotel-and-restaurant-87cec.jpg\">\t\t\t\t\t\t<\/a>\n\t\t\t\t\t<\/div>\n\t\t\t\t\t\t\t\t<div class=\"rss_content_wrap\">\n\t\t\t\t\t<span class=\"title\">\n\t\t\t\t\t\t<a href=\"https:\/\/seychelles.evolutiontravel.it\/it_IT\/899\/tab\/41640_le-relax-hotel-and-restaurant.html\" target=\"_blank\"  rel=\"noopener \">\n\t\t\t\t\t\t\tLe Relax Hotel and Restaurant\t\t\t\t\t\t<\/a>\n\t\t\t\t\t<\/span>\n\t\t\t\t\t<div class=\"rss_content\"\n\t\t\t\t\t\t\tstyle=\"\">\n\t\t\t\t\t\t\n\t\t\t\t\t\t\t\t\t\t\t\t<p class=\"description\">Le Relax Hotel and Restaurant, a Mah\u00e9, \u00e8 un rifugio fronte mare dove semplicit\u00e0 e autenticit\u00e0 si incontrano, tra atmosfere [&hellip;]<\/p>\n\t\t\t\t\t\t\n\t\t\t\t\t\t\t\t\t\t\t\t\t\t\t\t\t\t\t<div class=\"price-wrap\">\n\t\t\t\t\t\t\t\t<a href=\"https:\/\/seychelles.evolutiontravel.it\/it_IT\/899\/tab\/41640_le-relax-hotel-and-restaurant.html\" target=\"_blank\" rel=\"noopener\"><button class=\"price\"> 1690<\/button><\/a>\n\t\t\t\t\t\t\t<\/div>\n\t\t\t\t\t\t\t\t\t\t\t<\/div>\n\t\t\t\t<\/div>\n\t\t\t<\/li>\n\t\t\t\t\t\t<li  style=\"padding: 23px 0 38px\" class=\"rss_item feedzy-rss-col-3\" >\n\t\t\t\t\t\t\t\t\t<div class=\"rss_image\" style=\"width:225px; height:225px;\">\n\t\t\t\t\t\t<a href=\"https:\/\/seychelles.evolutiontravel.it\/it_IT\/899\/tab\/39204_villa-creole-guest-house.html\" target=\"_blank\" \n\t\t\t\t\t\t\trel=\"noopener \"\n\t\t\t\t\t\t\ttitle=\"Villa Creole Guest House\"\n\t\t\t\t\t\t\tstyle=\"width:225px; height:225px;\">\n\t\t\t\t\t\t\t<span class=\"fetched\" style=\"background-image:  url('http:\/\/etcdn.net\/thumbnails\/39204\/it-la-digue-villa-creole-guest-house-79d70.jpg');\" title=\"Villa Creole Guest House\"><\/span><amp-img width=\"225\" height=\"225\" src=\"http:\/\/etcdn.net\/thumbnails\/39204\/it-la-digue-villa-creole-guest-house-79d70.jpg\">\t\t\t\t\t\t<\/a>\n\t\t\t\t\t<\/div>\n\t\t\t\t\t\t\t\t<div class=\"rss_content_wrap\">\n\t\t\t\t\t<span class=\"title\">\n\t\t\t\t\t\t<a href=\"https:\/\/seychelles.evolutiontravel.it\/it_IT\/899\/tab\/39204_villa-creole-guest-house.html\" target=\"_blank\"  rel=\"noopener \">\n\t\t\t\t\t\t\tVilla Creole Guest House\t\t\t\t\t\t<\/a>\n\t\t\t\t\t<\/span>\n\t\t\t\t\t<div class=\"rss_content\"\n\t\t\t\t\t\t\tstyle=\"\">\n\t\t\t\t\t\t\n\t\t\t\t\t\t\t\t\t\t\t\t<p class=\"description\">Svegliati fronte mare a Anse Reunion, a La Digue: Villa Creole offre chalet creoli immersi nel verde, a pochi minuti da Anse [&hellip;]<\/p>\n\t\t\t\t\t\t\n\t\t\t\t\t\t\t\t\t\t\t\t\t\t\t\t\t\t\t<div class=\"price-wrap\">\n\t\t\t\t\t\t\t\t<a href=\"https:\/\/seychelles.evolutiontravel.it\/it_IT\/899\/tab\/39204_villa-creole-guest-house.html\" target=\"_blank\" rel=\"noopener\"><button class=\"price\"> 1630<\/button><\/a>\n\t\t\t\t\t\t\t<\/div>\n\t\t\t\t\t\t\t\t\t\t\t<\/div>\n\t\t\t\t<\/div>\n\t\t\t<\/li>\n\t\t\t\t\t\t<li  style=\"padding: 23px 0 38px\" class=\"rss_item feedzy-rss-col-3\" >\n\t\t\t\t\t\t\t\t\t<div class=\"rss_image\" style=\"width:225px; height:225px;\">\n\t\t\t\t\t\t<a href=\"https:\/\/seychelles.evolutiontravel.it\/it_IT\/899\/tab\/28123_kempinski-seychelles-resort-5-stelle.html\" target=\"_blank\" \n\t\t\t\t\t\t\trel=\"noopener \"\n\t\t\t\t\t\t\ttitle=\"Kempinski Seychelles Resort - 5 Stelle\"\n\t\t\t\t\t\t\tstyle=\"width:225px; height:225px;\">\n\t\t\t\t\t\t\t<span class=\"fetched\" style=\"background-image:  url('http:\/\/etcdn.net\/thumbnails\/28123\/it-mahe-kempinski-seychelles-resort-5-stelle-87500.jpg');\" title=\"Kempinski Seychelles Resort - 5 Stelle\"><\/span><amp-img width=\"225\" height=\"225\" src=\"http:\/\/etcdn.net\/thumbnails\/28123\/it-mahe-kempinski-seychelles-resort-5-stelle-87500.jpg\">\t\t\t\t\t\t<\/a>\n\t\t\t\t\t<\/div>\n\t\t\t\t\t\t\t\t<div class=\"rss_content_wrap\">\n\t\t\t\t\t<span class=\"title\">\n\t\t\t\t\t\t<a href=\"https:\/\/seychelles.evolutiontravel.it\/it_IT\/899\/tab\/28123_kempinski-seychelles-resort-5-stelle.html\" target=\"_blank\"  rel=\"noopener \">\n\t\t\t\t\t\t\tKempinski Seychelles Resort - 5 Stelle\t\t\t\t\t\t<\/a>\n\t\t\t\t\t<\/span>\n\t\t\t\t\t<div class=\"rss_content\"\n\t\t\t\t\t\t\tstyle=\"\">\n\t\t\t\t\t\t\n\t\t\t\t\t\t\t\t\t\t\t\t<p class=\"description\">Al Kempinski Seychelles Resort vivi Mah\u00e9 tra mare cristallino e montagne maestose. Una baia riservata dove relax, romanticismo e [&hellip;]<\/p>\n\t\t\t\t\t\t\n\t\t\t\t\t\t\t\t\t\t\t\t\t\t\t\t\t\t\t<div class=\"price-wrap\">\n\t\t\t\t\t\t\t\t<a href=\"https:\/\/seychelles.evolutiontravel.it\/it_IT\/899\/tab\/28123_kempinski-seychelles-resort-5-stelle.html\" target=\"_blank\" rel=\"noopener\"><button class=\"price\"> 2620<\/button><\/a>\n\t\t\t\t\t\t\t<\/div>\n\t\t\t\t\t\t\t\t\t\t\t<\/div>\n\t\t\t\t<\/div>\n\t\t\t<\/li>\n\t\t\t\t<\/ul>\n<\/div>\n<style type=\"text\/css\" media=\"all\">.feedzy-rss .rss_item .rss_image{float:left;position:relative;border:none;text-decoration:none;max-width:100%}.feedzy-rss .rss_item .rss_image span{display:inline-block;position:absolute;width:100%;height:100%;background-position:50%;background-size:cover}.feedzy-rss .rss_item .rss_image{margin:.3em 1em 0 0;content-visibility:auto}.feedzy-rss ul{list-style:none}.feedzy-rss ul li{display:inline-block}<\/style>\n","protected":false},"excerpt":{"rendered":"<p>Il periodo ideale per andare alle Seychelles va da aprile a ottobre, in questi mesi il clima \u00e8 pi\u00f9 fresco e secco grazie anche al monsone che arriva da Sud-Est e c&#8217;\u00e8 la pioggia generalmente solo nelle ore notturne. Posto a Sud dell&#8217;Equatore, l&#8217;arcipelago gode di un\u00a0clima tropicale\u00a0che pu\u00f2 portare perturbazioni atmosferiche, ma non significa <a class=\"moretag\" href=\"https:\/\/seychelles.evolutiontravel.it\/infovacanze\/informazioni\/quando-andare\/\">[&#8230;]<\/a><\/p>\n","protected":false},"author":1,"featured_media":0,"parent":10,"menu_order":0,"comment_status":"closed","ping_status":"open","template":"templates\/template-with-right-sidebar.php","meta":{"footnotes":""},"yoast_head":"<!-- This site is optimized with the Yoast SEO plugin v21.9.1 - https:\/\/yoast.com\/wordpress\/plugins\/seo\/ -->\n<title>Quando andare alle Seychelles: da aprile a ottobre - Evolution Travel<\/title>\n<meta name=\"description\" content=\"La vostra prossima destinazione di viaggio sono le Seychelles? Allora leggete il nostro articolo con informazioni utili per decidere il periodo migliore!\" \/>\n<meta name=\"robots\" content=\"index, follow, max-snippet:-1, max-image-preview:large, max-video-preview:-1\" \/>\n<link rel=\"canonical\" href=\"https:\/\/seychelles.evolutiontravel.it\/infovacanze\/informazioni\/quando-andare\/\" \/>\n<meta name=\"twitter:label1\" content=\"Tempo di lettura stimato\" \/>\n\t<meta name=\"twitter:data1\" content=\"2 minuti\" \/>\n<script type=\"application\/ld+json\" class=\"yoast-schema-graph\">{\"@context\":\"https:\/\/schema.org\",\"@graph\":[{\"@type\":\"WebPage\",\"@id\":\"https:\/\/seychelles.evolutiontravel.it\/infovacanze\/informazioni\/quando-andare\/\",\"url\":\"https:\/\/seychelles.evolutiontravel.it\/infovacanze\/informazioni\/quando-andare\/\",\"name\":\"Quando andare alle Seychelles: da aprile a ottobre - Evolution Travel\",\"isPartOf\":{\"@id\":\"https:\/\/seychelles.evolutiontravel.it\/infovacanze\/#website\"},\"datePublished\":\"2013-08-20T09:25:28+00:00\",\"dateModified\":\"2018-10-25T12:49:06+00:00\",\"description\":\"La vostra prossima destinazione di viaggio sono le Seychelles? Allora leggete il nostro articolo con informazioni utili per decidere il periodo migliore!\",\"breadcrumb\":{\"@id\":\"https:\/\/seychelles.evolutiontravel.it\/infovacanze\/informazioni\/quando-andare\/#breadcrumb\"},\"inLanguage\":\"it-IT\",\"potentialAction\":[{\"@type\":\"ReadAction\",\"target\":[\"https:\/\/seychelles.evolutiontravel.it\/infovacanze\/informazioni\/quando-andare\/\"]}]},{\"@type\":\"BreadcrumbList\",\"@id\":\"https:\/\/seychelles.evolutiontravel.it\/infovacanze\/informazioni\/quando-andare\/#breadcrumb\",\"itemListElement\":[{\"@type\":\"ListItem\",\"position\":1,\"name\":\"Informazioni utili sulle Seychelles\",\"item\":\"https:\/\/seychelles.evolutiontravel.it\/infovacanze\/informazioni\/\"},{\"@type\":\"ListItem\",\"position\":2,\"name\":\"Quando fare una vacanza alle Seychelles\"}]},{\"@type\":\"WebSite\",\"@id\":\"https:\/\/seychelles.evolutiontravel.it\/infovacanze\/#website\",\"url\":\"https:\/\/seychelles.evolutiontravel.it\/infovacanze\/\",\"name\":\"Seychelles\",\"description\":\"\",\"potentialAction\":[{\"@type\":\"SearchAction\",\"target\":{\"@type\":\"EntryPoint\",\"urlTemplate\":\"https:\/\/seychelles.evolutiontravel.it\/infovacanze\/?s={search_term_string}\"},\"query-input\":\"required name=search_term_string\"}],\"inLanguage\":\"it-IT\"}]}<\/script>\n<!-- \/ Yoast SEO plugin. -->","yoast_head_json":{"title":"Quando andare alle Seychelles: da aprile a ottobre - Evolution Travel","description":"La vostra prossima destinazione di viaggio sono le Seychelles? Allora leggete il nostro articolo con informazioni utili per decidere il periodo migliore!","robots":{"index":"index","follow":"follow","max-snippet":"max-snippet:-1","max-image-preview":"max-image-preview:large","max-video-preview":"max-video-preview:-1"},"canonical":"https:\/\/seychelles.evolutiontravel.it\/infovacanze\/informazioni\/quando-andare\/","twitter_misc":{"Tempo di lettura stimato":"2 minuti"},"schema":{"@context":"https:\/\/schema.org","@graph":[{"@type":"WebPage","@id":"https:\/\/seychelles.evolutiontravel.it\/infovacanze\/informazioni\/quando-andare\/","url":"https:\/\/seychelles.evolutiontravel.it\/infovacanze\/informazioni\/quando-andare\/","name":"Quando andare alle Seychelles: da aprile a ottobre - Evolution Travel","isPartOf":{"@id":"https:\/\/seychelles.evolutiontravel.it\/infovacanze\/#website"},"datePublished":"2013-08-20T09:25:28+00:00","dateModified":"2018-10-25T12:49:06+00:00","description":"La vostra prossima destinazione di viaggio sono le Seychelles? Allora leggete il nostro articolo con informazioni utili per decidere il periodo migliore!","breadcrumb":{"@id":"https:\/\/seychelles.evolutiontravel.it\/infovacanze\/informazioni\/quando-andare\/#breadcrumb"},"inLanguage":"it-IT","potentialAction":[{"@type":"ReadAction","target":["https:\/\/seychelles.evolutiontravel.it\/infovacanze\/informazioni\/quando-andare\/"]}]},{"@type":"BreadcrumbList","@id":"https:\/\/seychelles.evolutiontravel.it\/infovacanze\/informazioni\/quando-andare\/#breadcrumb","itemListElement":[{"@type":"ListItem","position":1,"name":"Informazioni utili sulle Seychelles","item":"https:\/\/seychelles.evolutiontravel.it\/infovacanze\/informazioni\/"},{"@type":"ListItem","position":2,"name":"Quando fare una vacanza alle Seychelles"}]},{"@type":"WebSite","@id":"https:\/\/seychelles.evolutiontravel.it\/infovacanze\/#website","url":"https:\/\/seychelles.evolutiontravel.it\/infovacanze\/","name":"Seychelles","description":"","potentialAction":[{"@type":"SearchAction","target":{"@type":"EntryPoint","urlTemplate":"https:\/\/seychelles.evolutiontravel.it\/infovacanze\/?s={search_term_string}"},"query-input":"required name=search_term_string"}],"inLanguage":"it-IT"}]}},"_links":{"self":[{"href":"https:\/\/seychelles.evolutiontravel.it\/infovacanze\/wp-json\/wp\/v2\/pages\/30"}],"collection":[{"href":"https:\/\/seychelles.evolutiontravel.it\/infovacanze\/wp-json\/wp\/v2\/pages"}],"about":[{"href":"https:\/\/seychelles.evolutiontravel.it\/infovacanze\/wp-json\/wp\/v2\/types\/page"}],"author":[{"embeddable":true,"href":"https:\/\/seychelles.evolutiontravel.it\/infovacanze\/wp-json\/wp\/v2\/users\/1"}],"replies":[{"embeddable":true,"href":"https:\/\/seychelles.evolutiontravel.it\/infovacanze\/wp-json\/wp\/v2\/comments?post=30"}],"version-history":[{"count":13,"href":"https:\/\/seychelles.evolutiontravel.it\/infovacanze\/wp-json\/wp\/v2\/pages\/30\/revisions"}],"predecessor-version":[{"id":409,"href":"https:\/\/seychelles.evolutiontravel.it\/infovacanze\/wp-json\/wp\/v2\/pages\/30\/revisions\/409"}],"up":[{"embeddable":true,"href":"https:\/\/seychelles.evolutiontravel.it\/infovacanze\/wp-json\/wp\/v2\/pages\/10"}],"wp:attachment":[{"href":"https:\/\/seychelles.evolutiontravel.it\/infovacanze\/wp-json\/wp\/v2\/media?parent=30"}],"curies":[{"name":"wp","href":"https:\/\/api.w.org\/{rel}","templated":true}]}}