{"id":2,"date":"2013-07-24T10:23:26","date_gmt":"2013-07-24T10:23:26","guid":{"rendered":"http:\/\/mauritius.evolutiontravel.it\/infovacanze\/seychelles\/?page_id=2"},"modified":"2018-10-18T10:51:28","modified_gmt":"2018-10-18T08:51:28","slug":"seychelles-115-isole-paradisiache","status":"publish","type":"page","link":"https:\/\/seychelles.evolutiontravel.it\/infovacanze\/","title":{"rendered":"Seychelles, 115 isole paradisiache"},"content":{"rendered":"<h1>Seychelles, 115 isole in Paradiso<\/h1>\n<p style=\"text-align: justify\"><em>Infovacanze<\/em> \u00e8 la sezione del sito web con tanti <strong>consigli per le tue vacanze alle Seychelles<\/strong>: una meta turistica dove natura, mare blu cobalto, spiagge bianchissime e tramonti ti regaleranno un\u2019atmosfera unica.<\/p>\n<p style=\"text-align: justify\">L&#8217;arcipelago delle\u00a0Seychelles si trova sud dell\u2019Equatore nell\u2019Oceano Indiano, a Nord-Est dal Madagascar, ed \u00e8 formato da <strong>115 isole<\/strong>, per una superficie complessiva di 400.000 chilometri quadrati.\u00a0 <a title=\"mah\u00e8 seychelles\" href=\"https:\/\/seychelles.evolutiontravel.it\/infovacanze\/destinazioni\/mahe\/\">L\u2019isola pi\u00f9 grande \u00e8\u00a0<strong>Mah\u00e8<\/strong><\/a>, dove hanno sede tra l\u2019altro la capitale della piccola nazionale, Port Victoria, e l\u2019aeroporto internazionale.<\/p>\n<p>L&#8217;arcipelago \u00e8 costituito due tipi di isole: le <strong>Inner Islands<\/strong> e le <strong>Outer Islands<\/strong>. Nelle Inner Islands (&#8220;<em>isole vicine<\/em>&#8220;) vive la maggior parte della popolazione ed \u00e8 qui che troviamo le localit\u00e0 pi\u00f9 famose, oltre a Mah\u00e8, <a title=\"Praslin\" href=\"https:\/\/seychelles.evolutiontravel.it\/infovacanze\/destinazioni\/praslin\/\"><strong>Praslin<\/strong><\/a> e <a title=\"la digue\" href=\"https:\/\/seychelles.evolutiontravel.it\/infovacanze\/destinazioni\/la-digue\/\"><strong>La Digue<\/strong><\/a>.<\/p>\n<p style=\"text-align: justify\">Le <strong>Outer Islands<\/strong>, invece, sono collocate pi\u00f9 in lontananza e sono veri e propri <strong>paradisi incontaminati<\/strong>; si tratta di <strong>isole coralline,<\/strong> talvolta formate solo da lembi di bianchissima sabbia. Soltanto sull&#8217;<strong>isola di Alphonse<\/strong> e sull&#8217;<strong>isola di Desroches\u00a0 <\/strong>ci sono complessi turistici.<\/p>\n<p style=\"text-align: justify\">Dato il particolare habitat e <strong>microclima dell&#8217;arcipelago<\/strong>, qui \u00e8 possibile ammirare variet\u00e0 di piante e di animali introvabili in altri luoghi del mondo che faranno certamente la gioia anche dei pi\u00f9 piccoli, per esempio l&#8217;<strong>albero medusa, <\/strong>il <strong>coco-de-mar<\/strong> e l&#8217;<strong>usignolo<\/strong>. Per <strong>immergersi nel verde e fare escursioni<\/strong> non mancono ovviamente <strong>parchi naturali e riserve protette<\/strong> basti citare per esempio <strong><a title=\"foresta mah\u00e8\" href=\"https:\/\/seychelles.evolutiontravel.it\/infovacanze\/destinazioni\/foresta-mahe\/\">la foresta di Mah\u00e8<\/a><\/strong>.<\/p>\n<p><a title=\"seychelles quando andare\" href=\"https:\/\/seychelles.evolutiontravel.it\/infovacanze\/informazioni\/quando-andare\/\">Il\u00a0<strong>periodo migliore per andare alle Seychelles<\/strong><\/a> va da <strong>maggio ad ottobre<\/strong>, ma dipende molto dalle attivit\u00e0 che si intende svolgere; per esempio, il mese ideale <strong>per le immersioni \u00e8 marzo<\/strong>. Chi vuole tuffarsi nelle acque meravigliose dell\u2019Oceano Indiano ha gi\u00e0 varie destinazioni a portata di mano: la spiaggia di\u00a0<strong>Anse Lazio<\/strong>\u00a0si candida ad essere la preferita di ogni turista grazie alla <strong>sabbia bianca e una marea bassa<\/strong> che permette lunghe passeggiate sulla battigia.<\/p>\n<p><img loading=\"lazy\" decoding=\"async\" class=\"alignright wp-image-341 size-full\" src=\"https:\/\/seychelles.evolutiontravel.it\/infovacanze\/wp-content\/uploads\/sites\/16\/2014\/07\/Visitare-le-Seychelles.jpg\" alt=\"Seychelles\" width=\"540\" height=\"363\" srcset=\"https:\/\/seychelles.evolutiontravel.it\/infovacanze\/wp-content\/uploads\/sites\/16\/2014\/07\/Visitare-le-Seychelles.jpg 540w, https:\/\/seychelles.evolutiontravel.it\/infovacanze\/wp-content\/uploads\/sites\/16\/2014\/07\/Visitare-le-Seychelles-300x201.jpg 300w, https:\/\/seychelles.evolutiontravel.it\/infovacanze\/wp-content\/uploads\/sites\/16\/2014\/07\/Visitare-le-Seychelles-446x300.jpg 446w\" sizes=\"(max-width: 540px) 100vw, 540px\" \/>Uno degli angoli pi\u00f9 famosi \u00e8\u00a0<strong>Beau Vallon<\/strong>, fornito d\u2019ogni comodit\u00e0 e piacevole approdo per chi ama le immersioni, soprattutto essendo a stretto contatto con la <strong>barriera corallina<\/strong>.<\/p>\n<p>Poi c&#8217;\u00e8 <strong>l\u2019isola di Praslin<\/strong>\u00a0con la spiaggia\u00a0<strong>Vallee de Mai<\/strong>: pi\u00f9 di 4000 palme e una foresta preistorica, da qualche anno diventata Patrimonio dell\u2019Unesco.<\/p>\n<p>Un\u2019altra isola che merita un soggiorno \u00e8\u00a0<a title=\"silhouette\" href=\"https:\/\/seychelles.evolutiontravel.it\/infovacanze\/destinazioni\/isola-silhouette\/\"><strong>Silhouette<\/strong><\/a>: misteriosa (leggenda vuole che sia stato un ricco covo di pirati), attraente per la sua <strong>vegetazione fitta,<\/strong> spettacolare per le imponenti pareti di granito che troneggiano su questo luogo molto suggestivo.<\/p>\n<p>Altro piccolo paradiso terrestre \u00e8\u00a0<a title=\"Aldabra\" href=\"https:\/\/seychelles.evolutiontravel.it\/infovacanze\/destinazioni\/aldabra\/\"><strong>l\u2019atollo Aldabra<\/strong><\/a>, dove vivono solo alcuni scienziati e la quale \u00e8 visitabile solamente tramite il permesso dato dalla\u00a0<strong>Marine Charter Association delle Seychelles<\/strong>.<\/p>\n<p>Tante le <strong>cose da fare<\/strong> se siete particolarmente sportivi: dal windsurf al snorkeling, dalle escursioni in barca o a piedi, alle scalate sulle alte pareti di roccia.<\/p>\n<p>&nbsp;<\/p>\n<h3 style=\"text-align: center\">&#8220;Speciale Seychelles&#8221;: viaggi e vacanze di Evolution Travel!<\/h3>\n<p style=\"text-align: center\">Vuoi scoprire <strong><span style=\"color: #008000\">TUTTI I DETTAGLI DEI VIAGGI<\/span><\/strong>?<br \/>\n<span style=\"color: #008000\"><strong>CLICCA SULLE OFFERTE<\/strong><\/span>: <strong>programma<\/strong> della vacanza, <strong>tante foto<\/strong>, <strong>commenti<\/strong> dei viaggiatori, <strong>costi<\/strong> e <strong>date di partenza<\/strong>!<\/p>\n<div class=\"feedzy-7eb8076401f71dec22298d6ccd89193f feedzy-rss\">\n\t\t<ul class=\"feedzy-style2\">\n\t\t\t\t\t<li  style=\"padding: 23px 0 38px\" class=\"rss_item feedzy-rss-col-3\" >\n\t\t\t\t\t\t\t\t\t<div class=\"rss_image\" style=\"width:225px; height:225px;\">\n\t\t\t\t\t\t<a href=\"https:\/\/seychelles.evolutiontravel.it\/it_IT\/899\/tab\/39204_villa-creole-guest-house.html\" target=\"_blank\" \n\t\t\t\t\t\t\trel=\"noopener \"\n\t\t\t\t\t\t\ttitle=\"Villa Creole Guest House\"\n\t\t\t\t\t\t\tstyle=\"width:225px; height:225px;\">\n\t\t\t\t\t\t\t<span class=\"fetched\" style=\"background-image:  url('http:\/\/etcdn.net\/thumbnails\/39204\/it-la-digue-villa-creole-guest-house-79d70.jpg');\" title=\"Villa Creole Guest House\"><\/span><amp-img width=\"225\" height=\"225\" src=\"http:\/\/etcdn.net\/thumbnails\/39204\/it-la-digue-villa-creole-guest-house-79d70.jpg\">\t\t\t\t\t\t<\/a>\n\t\t\t\t\t<\/div>\n\t\t\t\t\t\t\t\t<div class=\"rss_content_wrap\">\n\t\t\t\t\t<span class=\"title\">\n\t\t\t\t\t\t<a href=\"https:\/\/seychelles.evolutiontravel.it\/it_IT\/899\/tab\/39204_villa-creole-guest-house.html\" target=\"_blank\"  rel=\"noopener \">\n\t\t\t\t\t\t\tVilla Creole Guest House\t\t\t\t\t\t<\/a>\n\t\t\t\t\t<\/span>\n\t\t\t\t\t<div class=\"rss_content\"\n\t\t\t\t\t\t\tstyle=\"\">\n\t\t\t\t\t\t\n\t\t\t\t\t\t\t\t\t\t\t\t<p class=\"description\">Svegliati fronte mare a Anse Reunion, a La Digue: Villa Creole offre chalet creoli immersi nel verde, a pochi minuti da Anse [&hellip;]<\/p>\n\t\t\t\t\t\t\n\t\t\t\t\t\t\t\t\t\t\t\t\t\t\t\t\t\t\t<div class=\"price-wrap\">\n\t\t\t\t\t\t\t\t<a href=\"https:\/\/seychelles.evolutiontravel.it\/it_IT\/899\/tab\/39204_villa-creole-guest-house.html\" target=\"_blank\" rel=\"noopener\"><button class=\"price\"> 1630<\/button><\/a>\n\t\t\t\t\t\t\t<\/div>\n\t\t\t\t\t\t\t\t\t\t\t<\/div>\n\t\t\t\t<\/div>\n\t\t\t<\/li>\n\t\t\t\t\t\t<li  style=\"padding: 23px 0 38px\" class=\"rss_item feedzy-rss-col-3\" >\n\t\t\t\t\t\t\t\t\t<div class=\"rss_image\" style=\"width:225px; height:225px;\">\n\t\t\t\t\t\t<a href=\"https:\/\/seychelles.evolutiontravel.it\/it_IT\/899\/tab\/28123_kempinski-seychelles-resort-5-stelle.html\" target=\"_blank\" \n\t\t\t\t\t\t\trel=\"noopener \"\n\t\t\t\t\t\t\ttitle=\"Kempinski Seychelles Resort - 5 Stelle\"\n\t\t\t\t\t\t\tstyle=\"width:225px; height:225px;\">\n\t\t\t\t\t\t\t<span class=\"fetched\" style=\"background-image:  url('http:\/\/etcdn.net\/thumbnails\/28123\/it-mahe-kempinski-seychelles-resort-5-stelle-87500.jpg');\" title=\"Kempinski Seychelles Resort - 5 Stelle\"><\/span><amp-img width=\"225\" height=\"225\" src=\"http:\/\/etcdn.net\/thumbnails\/28123\/it-mahe-kempinski-seychelles-resort-5-stelle-87500.jpg\">\t\t\t\t\t\t<\/a>\n\t\t\t\t\t<\/div>\n\t\t\t\t\t\t\t\t<div class=\"rss_content_wrap\">\n\t\t\t\t\t<span class=\"title\">\n\t\t\t\t\t\t<a href=\"https:\/\/seychelles.evolutiontravel.it\/it_IT\/899\/tab\/28123_kempinski-seychelles-resort-5-stelle.html\" target=\"_blank\"  rel=\"noopener \">\n\t\t\t\t\t\t\tKempinski Seychelles Resort - 5 Stelle\t\t\t\t\t\t<\/a>\n\t\t\t\t\t<\/span>\n\t\t\t\t\t<div class=\"rss_content\"\n\t\t\t\t\t\t\tstyle=\"\">\n\t\t\t\t\t\t\n\t\t\t\t\t\t\t\t\t\t\t\t<p class=\"description\">Al Kempinski Seychelles Resort vivi Mah\u00e9 tra mare cristallino e montagne maestose. Una baia riservata dove relax, romanticismo e [&hellip;]<\/p>\n\t\t\t\t\t\t\n\t\t\t\t\t\t\t\t\t\t\t\t\t\t\t\t\t\t\t<div class=\"price-wrap\">\n\t\t\t\t\t\t\t\t<a href=\"https:\/\/seychelles.evolutiontravel.it\/it_IT\/899\/tab\/28123_kempinski-seychelles-resort-5-stelle.html\" target=\"_blank\" rel=\"noopener\"><button class=\"price\"> 2620<\/button><\/a>\n\t\t\t\t\t\t\t<\/div>\n\t\t\t\t\t\t\t\t\t\t\t<\/div>\n\t\t\t\t<\/div>\n\t\t\t<\/li>\n\t\t\t\t\t\t<li  style=\"padding: 23px 0 38px\" class=\"rss_item feedzy-rss-col-3\" >\n\t\t\t\t\t\t\t\t\t<div class=\"rss_image\" style=\"width:225px; height:225px;\">\n\t\t\t\t\t\t<a href=\"https:\/\/seychelles.evolutiontravel.it\/it_IT\/899\/tab\/39169_denis-private-island.html\" target=\"_blank\" \n\t\t\t\t\t\t\trel=\"noopener \"\n\t\t\t\t\t\t\ttitle=\"Denis Private Island\"\n\t\t\t\t\t\t\tstyle=\"width:225px; height:225px;\">\n\t\t\t\t\t\t\t<span class=\"fetched\" style=\"background-image:  url('http:\/\/etcdn.net\/thumbnails\/39169\/it-denis-island-denis-private-island-87545.jpg');\" title=\"Denis Private Island\"><\/span><amp-img width=\"225\" height=\"225\" src=\"http:\/\/etcdn.net\/thumbnails\/39169\/it-denis-island-denis-private-island-87545.jpg\">\t\t\t\t\t\t<\/a>\n\t\t\t\t\t<\/div>\n\t\t\t\t\t\t\t\t<div class=\"rss_content_wrap\">\n\t\t\t\t\t<span class=\"title\">\n\t\t\t\t\t\t<a href=\"https:\/\/seychelles.evolutiontravel.it\/it_IT\/899\/tab\/39169_denis-private-island.html\" target=\"_blank\"  rel=\"noopener \">\n\t\t\t\t\t\t\tDenis Private Island\t\t\t\t\t\t<\/a>\n\t\t\t\t\t<\/span>\n\t\t\t\t\t<div class=\"rss_content\"\n\t\t\t\t\t\t\tstyle=\"\">\n\t\t\t\t\t\t\n\t\t\t\t\t\t\t\t\t\t\t\t<p class=\"description\">Denis Private Island \u00e8 un rifugio esclusivo dove il tempo rallenta. Natura incontaminata, mare cristallino e comfort discreto si [&hellip;]<\/p>\n\t\t\t\t\t\t\n\t\t\t\t\t\t\t\t\t\t\t\t\t\t\t\t\t\t\t<div class=\"price-wrap\">\n\t\t\t\t\t\t\t\t<a href=\"https:\/\/seychelles.evolutiontravel.it\/it_IT\/899\/tab\/39169_denis-private-island.html\" target=\"_blank\" rel=\"noopener\"><button class=\"price\"> 5740<\/button><\/a>\n\t\t\t\t\t\t\t<\/div>\n\t\t\t\t\t\t\t\t\t\t\t<\/div>\n\t\t\t\t<\/div>\n\t\t\t<\/li>\n\t\t\t\t\t\t<li  style=\"padding: 23px 0 38px\" class=\"rss_item feedzy-rss-col-3\" >\n\t\t\t\t\t\t\t\t\t<div class=\"rss_image\" style=\"width:225px; height:225px;\">\n\t\t\t\t\t\t<a href=\"https:\/\/seychelles.evolutiontravel.it\/it_IT\/899\/tab\/39122_cote-dor-footprints-small-hotel.html\" target=\"_blank\" \n\t\t\t\t\t\t\trel=\"noopener \"\n\t\t\t\t\t\t\ttitle=\"Cote D&#039;Or Footprints small hotel\"\n\t\t\t\t\t\t\tstyle=\"width:225px; height:225px;\">\n\t\t\t\t\t\t\t<span class=\"fetched\" style=\"background-image:  url('http:\/\/etcdn.net\/thumbnails\/39122\/it-praslin-cote-dor-footprints-4-stelle-superior-7953b.jpg');\" title=\"Cote D&#039;Or Footprints small hotel\"><\/span><amp-img width=\"225\" height=\"225\" src=\"http:\/\/etcdn.net\/thumbnails\/39122\/it-praslin-cote-dor-footprints-4-stelle-superior-7953b.jpg\">\t\t\t\t\t\t<\/a>\n\t\t\t\t\t<\/div>\n\t\t\t\t\t\t\t\t<div class=\"rss_content_wrap\">\n\t\t\t\t\t<span class=\"title\">\n\t\t\t\t\t\t<a href=\"https:\/\/seychelles.evolutiontravel.it\/it_IT\/899\/tab\/39122_cote-dor-footprints-small-hotel.html\" target=\"_blank\"  rel=\"noopener \">\n\t\t\t\t\t\t\tCote D'Or Footprints small hotel\t\t\t\t\t\t<\/a>\n\t\t\t\t\t<\/span>\n\t\t\t\t\t<div class=\"rss_content\"\n\t\t\t\t\t\t\tstyle=\"\">\n\t\t\t\t\t\t\n\t\t\t\t\t\t\t\t\t\t\t\t<p class=\"description\">Regalati la pausa che meriti alle Seychelles: al Cote D'Or Footprints, sulla splendida spiaggia di Anse Volbert (Cote d'Or), [&hellip;]<\/p>\n\t\t\t\t\t\t\n\t\t\t\t\t\t\t\t\t\t\t\t\t\t\t\t\t\t\t<div class=\"price-wrap\">\n\t\t\t\t\t\t\t\t<a href=\"https:\/\/seychelles.evolutiontravel.it\/it_IT\/899\/tab\/39122_cote-dor-footprints-small-hotel.html\" target=\"_blank\" rel=\"noopener\"><button class=\"price\"> 2190<\/button><\/a>\n\t\t\t\t\t\t\t<\/div>\n\t\t\t\t\t\t\t\t\t\t\t<\/div>\n\t\t\t\t<\/div>\n\t\t\t<\/li>\n\t\t\t\t\t\t<li  style=\"padding: 23px 0 38px\" class=\"rss_item feedzy-rss-col-3\" >\n\t\t\t\t\t\t\t\t\t<div class=\"rss_image\" style=\"width:225px; height:225px;\">\n\t\t\t\t\t\t<a href=\"https:\/\/seychelles.evolutiontravel.it\/it_IT\/899\/tab\/39167_bird-island-lodge.html\" target=\"_blank\" \n\t\t\t\t\t\t\trel=\"noopener \"\n\t\t\t\t\t\t\ttitle=\"Bird Island Lodge\"\n\t\t\t\t\t\t\tstyle=\"width:225px; height:225px;\">\n\t\t\t\t\t\t\t<span class=\"fetched\" style=\"background-image:  url('http:\/\/etcdn.net\/thumbnails\/39167\/it-seychelles-bird-island-lodge-799fa.jpg');\" title=\"Bird Island Lodge\"><\/span><amp-img width=\"225\" height=\"225\" src=\"http:\/\/etcdn.net\/thumbnails\/39167\/it-seychelles-bird-island-lodge-799fa.jpg\">\t\t\t\t\t\t<\/a>\n\t\t\t\t\t<\/div>\n\t\t\t\t\t\t\t\t<div class=\"rss_content_wrap\">\n\t\t\t\t\t<span class=\"title\">\n\t\t\t\t\t\t<a href=\"https:\/\/seychelles.evolutiontravel.it\/it_IT\/899\/tab\/39167_bird-island-lodge.html\" target=\"_blank\"  rel=\"noopener \">\n\t\t\t\t\t\t\tBird Island Lodge\t\t\t\t\t\t<\/a>\n\t\t\t\t\t<\/span>\n\t\t\t\t\t<div class=\"rss_content\"\n\t\t\t\t\t\t\tstyle=\"\">\n\t\t\t\t\t\t\n\t\t\t\t\t\t\t\t\t\t\t\t<p class=\"description\">Bird Island \u00e8 uno degli ultimi rifugi paradisiaci autentici della terra. La piccola isola corallina \u00e8 l'isola pi\u00f9 [&hellip;]<\/p>\n\t\t\t\t\t\t\n\t\t\t\t\t\t\t\t\t\t\t\t\t\t\t\t\t\t\t<div class=\"price-wrap\">\n\t\t\t\t\t\t\t\t<a href=\"https:\/\/seychelles.evolutiontravel.it\/it_IT\/899\/tab\/39167_bird-island-lodge.html\" target=\"_blank\" rel=\"noopener\"><button class=\"price\"> 2980<\/button><\/a>\n\t\t\t\t\t\t\t<\/div>\n\t\t\t\t\t\t\t\t\t\t\t<\/div>\n\t\t\t\t<\/div>\n\t\t\t<\/li>\n\t\t\t\t\t\t<li  style=\"padding: 23px 0 38px\" class=\"rss_item feedzy-rss-col-3\" >\n\t\t\t\t\t\t\t\t\t<div class=\"rss_image\" style=\"width:225px; height:225px;\">\n\t\t\t\t\t\t<a href=\"https:\/\/seychelles.evolutiontravel.it\/it_IT\/899\/tab\/27489_la-diguoise-guesthouse.html\" target=\"_blank\" \n\t\t\t\t\t\t\trel=\"noopener \"\n\t\t\t\t\t\t\ttitle=\"La Diguoise Guesthouse\"\n\t\t\t\t\t\t\tstyle=\"width:225px; height:225px;\">\n\t\t\t\t\t\t\t<span class=\"fetched\" style=\"background-image:  url('http:\/\/etcdn.net\/thumbnails\/27489\/it-la-digue-la-diguoise-guesthouse-527bb.jpg');\" title=\"La Diguoise Guesthouse\"><\/span><amp-img width=\"225\" height=\"225\" src=\"http:\/\/etcdn.net\/thumbnails\/27489\/it-la-digue-la-diguoise-guesthouse-527bb.jpg\">\t\t\t\t\t\t<\/a>\n\t\t\t\t\t<\/div>\n\t\t\t\t\t\t\t\t<div class=\"rss_content_wrap\">\n\t\t\t\t\t<span class=\"title\">\n\t\t\t\t\t\t<a href=\"https:\/\/seychelles.evolutiontravel.it\/it_IT\/899\/tab\/27489_la-diguoise-guesthouse.html\" target=\"_blank\"  rel=\"noopener \">\n\t\t\t\t\t\t\tLa Diguoise Guesthouse\t\t\t\t\t\t<\/a>\n\t\t\t\t\t<\/span>\n\t\t\t\t\t<div class=\"rss_content\"\n\t\t\t\t\t\t\tstyle=\"\">\n\t\t\t\t\t\t\n\t\t\t\t\t\t\t\t\t\t\t\t<p class=\"description\">Soggiorna a La Diguoise e vivi un\u2019oasi esclusiva a due passi da Anse Source d'Argent. Ville immerse nel verde, piscina, cucina [&hellip;]<\/p>\n\t\t\t\t\t\t\n\t\t\t\t\t\t\t\t\t\t\t\t\t\t\t\t\t\t\t<div class=\"price-wrap\">\n\t\t\t\t\t\t\t\t<a href=\"https:\/\/seychelles.evolutiontravel.it\/it_IT\/899\/tab\/27489_la-diguoise-guesthouse.html\" target=\"_blank\" rel=\"noopener\"><button class=\"price\"> 1640<\/button><\/a>\n\t\t\t\t\t\t\t<\/div>\n\t\t\t\t\t\t\t\t\t\t\t<\/div>\n\t\t\t\t<\/div>\n\t\t\t<\/li>\n\t\t\t\t<\/ul>\n<\/div>\n<style type=\"text\/css\" media=\"all\">.feedzy-rss .rss_item .rss_image{float:left;position:relative;border:none;text-decoration:none;max-width:100%}.feedzy-rss .rss_item .rss_image span{display:inline-block;position:absolute;width:100%;height:100%;background-position:50%;background-size:cover}.feedzy-rss .rss_item .rss_image{margin:.3em 1em 0 0;content-visibility:auto}.feedzy-rss ul{list-style:none}.feedzy-rss ul li{display:inline-block}<\/style>\n","protected":false},"excerpt":{"rendered":"<p>Seychelles, 115 isole in Paradiso Infovacanze \u00e8 la sezione del sito web con tanti consigli per le tue vacanze alle Seychelles: una meta turistica dove natura, mare blu cobalto, spiagge bianchissime e tramonti ti regaleranno un\u2019atmosfera unica. L&#8217;arcipelago delle\u00a0Seychelles si trova sud dell\u2019Equatore nell\u2019Oceano Indiano, a Nord-Est dal Madagascar, ed \u00e8 formato da 115 isole, <a class=\"moretag\" href=\"https:\/\/seychelles.evolutiontravel.it\/infovacanze\/\">[&#8230;]<\/a><\/p>\n","protected":false},"author":1,"featured_media":0,"parent":0,"menu_order":0,"comment_status":"closed","ping_status":"open","template":"templates\/template-with-right-sidebar.php","meta":{"footnotes":""},"yoast_head":"<!-- This site is optimized with the Yoast SEO plugin v21.9.1 - https:\/\/yoast.com\/wordpress\/plugins\/seo\/ -->\n<title>Consigli per le vacanze alle Seychelles, arcipelago di 115 isole<\/title>\n<meta name=\"description\" content=\"Per le tue vacanze alle Seychelles leggi i consigli utili dei consulenti di viaggio Evolution Travel e organizza il tuo viaggio nei migliori dei modi!\" \/>\n<meta name=\"robots\" content=\"index, follow, max-snippet:-1, max-image-preview:large, max-video-preview:-1\" \/>\n<link rel=\"canonical\" href=\"https:\/\/seychelles.evolutiontravel.it\/infovacanze\/\" \/>\n<meta name=\"twitter:label1\" content=\"Tempo di lettura stimato\" \/>\n\t<meta name=\"twitter:data1\" content=\"3 minuti\" \/>\n<script type=\"application\/ld+json\" class=\"yoast-schema-graph\">{\"@context\":\"https:\/\/schema.org\",\"@graph\":[{\"@type\":\"WebPage\",\"@id\":\"https:\/\/seychelles.evolutiontravel.it\/infovacanze\/\",\"url\":\"https:\/\/seychelles.evolutiontravel.it\/infovacanze\/\",\"name\":\"Consigli per le vacanze alle Seychelles, arcipelago di 115 isole\",\"isPartOf\":{\"@id\":\"https:\/\/seychelles.evolutiontravel.it\/infovacanze\/#website\"},\"datePublished\":\"2013-07-24T10:23:26+00:00\",\"dateModified\":\"2018-10-18T08:51:28+00:00\",\"description\":\"Per le tue vacanze alle Seychelles leggi i consigli utili dei consulenti di viaggio Evolution Travel e organizza il tuo viaggio nei migliori dei modi!\",\"inLanguage\":\"it-IT\",\"potentialAction\":[{\"@type\":\"ReadAction\",\"target\":[\"https:\/\/seychelles.evolutiontravel.it\/infovacanze\/\"]}]},{\"@type\":\"WebSite\",\"@id\":\"https:\/\/seychelles.evolutiontravel.it\/infovacanze\/#website\",\"url\":\"https:\/\/seychelles.evolutiontravel.it\/infovacanze\/\",\"name\":\"Seychelles\",\"description\":\"\",\"potentialAction\":[{\"@type\":\"SearchAction\",\"target\":{\"@type\":\"EntryPoint\",\"urlTemplate\":\"https:\/\/seychelles.evolutiontravel.it\/infovacanze\/?s={search_term_string}\"},\"query-input\":\"required name=search_term_string\"}],\"inLanguage\":\"it-IT\"}]}<\/script>\n<!-- \/ Yoast SEO plugin. -->","yoast_head_json":{"title":"Consigli per le vacanze alle Seychelles, arcipelago di 115 isole","description":"Per le tue vacanze alle Seychelles leggi i consigli utili dei consulenti di viaggio Evolution Travel e organizza il tuo viaggio nei migliori dei modi!","robots":{"index":"index","follow":"follow","max-snippet":"max-snippet:-1","max-image-preview":"max-image-preview:large","max-video-preview":"max-video-preview:-1"},"canonical":"https:\/\/seychelles.evolutiontravel.it\/infovacanze\/","twitter_misc":{"Tempo di lettura stimato":"3 minuti"},"schema":{"@context":"https:\/\/schema.org","@graph":[{"@type":"WebPage","@id":"https:\/\/seychelles.evolutiontravel.it\/infovacanze\/","url":"https:\/\/seychelles.evolutiontravel.it\/infovacanze\/","name":"Consigli per le vacanze alle Seychelles, arcipelago di 115 isole","isPartOf":{"@id":"https:\/\/seychelles.evolutiontravel.it\/infovacanze\/#website"},"datePublished":"2013-07-24T10:23:26+00:00","dateModified":"2018-10-18T08:51:28+00:00","description":"Per le tue vacanze alle Seychelles leggi i consigli utili dei consulenti di viaggio Evolution Travel e organizza il tuo viaggio nei migliori dei modi!","inLanguage":"it-IT","potentialAction":[{"@type":"ReadAction","target":["https:\/\/seychelles.evolutiontravel.it\/infovacanze\/"]}]},{"@type":"WebSite","@id":"https:\/\/seychelles.evolutiontravel.it\/infovacanze\/#website","url":"https:\/\/seychelles.evolutiontravel.it\/infovacanze\/","name":"Seychelles","description":"","potentialAction":[{"@type":"SearchAction","target":{"@type":"EntryPoint","urlTemplate":"https:\/\/seychelles.evolutiontravel.it\/infovacanze\/?s={search_term_string}"},"query-input":"required name=search_term_string"}],"inLanguage":"it-IT"}]}},"_links":{"self":[{"href":"https:\/\/seychelles.evolutiontravel.it\/infovacanze\/wp-json\/wp\/v2\/pages\/2"}],"collection":[{"href":"https:\/\/seychelles.evolutiontravel.it\/infovacanze\/wp-json\/wp\/v2\/pages"}],"about":[{"href":"https:\/\/seychelles.evolutiontravel.it\/infovacanze\/wp-json\/wp\/v2\/types\/page"}],"author":[{"embeddable":true,"href":"https:\/\/seychelles.evolutiontravel.it\/infovacanze\/wp-json\/wp\/v2\/users\/1"}],"replies":[{"embeddable":true,"href":"https:\/\/seychelles.evolutiontravel.it\/infovacanze\/wp-json\/wp\/v2\/comments?post=2"}],"version-history":[{"count":21,"href":"https:\/\/seychelles.evolutiontravel.it\/infovacanze\/wp-json\/wp\/v2\/pages\/2\/revisions"}],"predecessor-version":[{"id":926,"href":"https:\/\/seychelles.evolutiontravel.it\/infovacanze\/wp-json\/wp\/v2\/pages\/2\/revisions\/926"}],"wp:attachment":[{"href":"https:\/\/seychelles.evolutiontravel.it\/infovacanze\/wp-json\/wp\/v2\/media?parent=2"}],"curies":[{"name":"wp","href":"https:\/\/api.w.org\/{rel}","templated":true}]}}