{"id":196,"date":"2013-08-20T17:13:48","date_gmt":"2013-08-20T15:13:48","guid":{"rendered":"http:\/\/seychelles.evolutiontravel.it\/infovacanze\/?page_id=196"},"modified":"2018-01-11T12:15:49","modified_gmt":"2018-01-11T11:15:49","slug":"cocos","status":"publish","type":"page","link":"https:\/\/seychelles.evolutiontravel.it\/infovacanze\/destinazioni\/cocos\/","title":{"rendered":"Coco Island, parco marino delle Seychelles"},"content":{"rendered":"<p>Coco Island, Seychelles: un vero e proprio <strong>capolavoro della natura<\/strong>, a pochi chilometri a La Digue. L&#8217;isola \u00e8 <strong>parco marino<\/strong> e la meta ideale per fare <strong>snorkeling ed immersioni subacquee<\/strong>.<\/p>\n<p align=\"justify\">Ma non solo, anche i semplici bagnanti possono fare straordinarie esperienze come per esempio <strong>nuotare insieme alle tartarughe<\/strong>\u00a0marine o pesci che sembrano temere l\u2019uomo e si avvicinano incuriositi.<\/p>\n<p align=\"justify\">Come mostra la foto, a vedere Cocos dalla barca il panorama \u00e8 quasi <strong>impressionante per la sua bellezza<\/strong>: questo isolotto roccioso \u00e8 costituito da enormi massi granitici che emergono dalla vegetazione verde e rigogliosa<strong>.<\/strong><\/p>\n<p align=\"justify\"><strong><img loading=\"lazy\" decoding=\"async\" class=\"alignright wp-image-723 size-medium\" src=\"https:\/\/seychelles.evolutiontravel.it\/infovacanze\/wp-content\/uploads\/sites\/16\/2013\/08\/Cocos-300x201.jpg\" alt=\"Cocos isola delle Seychelles\" width=\"300\" height=\"201\" srcset=\"https:\/\/seychelles.evolutiontravel.it\/infovacanze\/wp-content\/uploads\/sites\/16\/2013\/08\/Cocos-300x201.jpg 300w, https:\/\/seychelles.evolutiontravel.it\/infovacanze\/wp-content\/uploads\/sites\/16\/2013\/08\/Cocos.jpg 400w\" sizes=\"(max-width: 300px) 100vw, 300px\" \/><\/strong><\/p>\n<p align=\"justify\">Le\u00a0<strong>calette di sabbia bianca e finissima<\/strong>\u00a0risplendono sotto i raggi del sole e il colore del mare assume tutte le sfumature verde, turchese, azzurro e blu.<\/p>\n<p align=\"justify\"><strong>Le palme<\/strong> sull&#8217;isola svettano muovendosi per la brezza che viene dall\u2019Oceano Indiano, le sue acque sono un\u00a0<strong>invito irrinunciabile<\/strong>, anche vicino a riva ci si imbatte in <strong>pesci dai mille colori<\/strong>\u00a0e dalle dimensioni pi\u00f9 diverse.<\/p>\n<p align=\"justify\"><strong>Il fondale sabbioso<\/strong> \u00e8 piacevole, una sorta di <strong>oasi di pace e relax<\/strong>.<\/p>\n<p align=\"justify\">Ile Cocos\u00a0\u00e8 una delle mete pi\u00f9 frequentate durante le\u00a0<a href=\"https:\/\/seychelles.evolutiontravel.it\/infovacanze\/crociere\/seychelles-e-mauritius\/\"><strong>escursioni e le crociere<\/strong><\/a>, romantiche e suggestive navigazioni effettuate con imbarcazioni di vario genere tra cui straordinari\u00a0<strong>velieri d&#8217;epoca<\/strong>\u00a0sui quali scoprire gli angoli pi\u00f9 remoti e incontaminati di questo <strong>arcipelago<\/strong>\u00a0molto apprezzato dal turismo internazionale.<\/p>\n<h3 style=\"text-align: center\">SPECIALE &#8220;<strong><span style=\"color: #008000\">Seychelles<\/span> <\/strong>a<strong> <span style=\"color: #008000\">MENO DI 2000 EURO<\/span><\/strong>&#8220;<\/h3>\n<p style=\"text-align: center\"><span style=\"color: #008000\"><strong>CLICCA E SCOPRI SUBITO<\/strong><\/span>: <strong>programma<\/strong>,<strong> foto<\/strong>, <strong>attivit\u00e0<\/strong>, <strong>commenti<\/strong>!<\/p>\n<div class=\"feedzy-b359114797cf677c18b36c2b1e33dd78 feedzy-rss\">\n\t\t<ul class=\"feedzy-style2\">\n\t\t\t\t\t<li  style=\"padding: 23px 0 38px\" class=\"rss_item feedzy-rss-col-3\" >\n\t\t\t\t\t\t\t\t\t<div class=\"rss_image\" style=\"width:225px; height:225px;\">\n\t\t\t\t\t\t<a href=\"https:\/\/seychelles.evolutiontravel.it\/it_IT\/899\/tab\/39204_villa-creole-guest-house.html\" target=\"_blank\" \n\t\t\t\t\t\t\trel=\"noopener \"\n\t\t\t\t\t\t\ttitle=\"Villa Creole Guest House\"\n\t\t\t\t\t\t\tstyle=\"width:225px; height:225px;\">\n\t\t\t\t\t\t\t<span class=\"fetched\" style=\"background-image:  url('http:\/\/etcdn.net\/thumbnails\/39204\/it-la-digue-villa-creole-guest-house-79d70.jpg');\" title=\"Villa Creole Guest House\"><\/span><amp-img width=\"225\" height=\"225\" src=\"http:\/\/etcdn.net\/thumbnails\/39204\/it-la-digue-villa-creole-guest-house-79d70.jpg\">\t\t\t\t\t\t<\/a>\n\t\t\t\t\t<\/div>\n\t\t\t\t\t\t\t\t<div class=\"rss_content_wrap\">\n\t\t\t\t\t<span class=\"title\">\n\t\t\t\t\t\t<a href=\"https:\/\/seychelles.evolutiontravel.it\/it_IT\/899\/tab\/39204_villa-creole-guest-house.html\" target=\"_blank\"  rel=\"noopener \">\n\t\t\t\t\t\t\tVilla Creole Guest House\t\t\t\t\t\t<\/a>\n\t\t\t\t\t<\/span>\n\t\t\t\t\t<div class=\"rss_content\"\n\t\t\t\t\t\t\tstyle=\"\">\n\t\t\t\t\t\t\n\t\t\t\t\t\t\t\t\t\t\t\t<p class=\"description\">Svegliati fronte mare a Anse Reunion, a La Digue: Villa Creole offre chalet creoli immersi nel verde, a pochi minuti da Anse [&hellip;]<\/p>\n\t\t\t\t\t\t\n\t\t\t\t\t\t\t\t\t\t\t\t\t\t\t\t\t<\/div>\n\t\t\t\t<\/div>\n\t\t\t<\/li>\n\t\t\t\t\t\t<li  style=\"padding: 23px 0 38px\" class=\"rss_item feedzy-rss-col-3\" >\n\t\t\t\t\t\t\t\t\t<div class=\"rss_image\" style=\"width:225px; height:225px;\">\n\t\t\t\t\t\t<a href=\"https:\/\/seychelles.evolutiontravel.it\/it_IT\/899\/tab\/28123_kempinski-seychelles-resort-5-stelle.html\" target=\"_blank\" \n\t\t\t\t\t\t\trel=\"noopener \"\n\t\t\t\t\t\t\ttitle=\"Kempinski Seychelles Resort - 5 Stelle\"\n\t\t\t\t\t\t\tstyle=\"width:225px; height:225px;\">\n\t\t\t\t\t\t\t<span class=\"fetched\" style=\"background-image:  url('http:\/\/etcdn.net\/thumbnails\/28123\/it-mahe-kempinski-seychelles-resort-5-stelle-87500.jpg');\" title=\"Kempinski Seychelles Resort - 5 Stelle\"><\/span><amp-img width=\"225\" height=\"225\" src=\"http:\/\/etcdn.net\/thumbnails\/28123\/it-mahe-kempinski-seychelles-resort-5-stelle-87500.jpg\">\t\t\t\t\t\t<\/a>\n\t\t\t\t\t<\/div>\n\t\t\t\t\t\t\t\t<div class=\"rss_content_wrap\">\n\t\t\t\t\t<span class=\"title\">\n\t\t\t\t\t\t<a href=\"https:\/\/seychelles.evolutiontravel.it\/it_IT\/899\/tab\/28123_kempinski-seychelles-resort-5-stelle.html\" target=\"_blank\"  rel=\"noopener \">\n\t\t\t\t\t\t\tKempinski Seychelles Resort - 5 Stelle\t\t\t\t\t\t<\/a>\n\t\t\t\t\t<\/span>\n\t\t\t\t\t<div class=\"rss_content\"\n\t\t\t\t\t\t\tstyle=\"\">\n\t\t\t\t\t\t\n\t\t\t\t\t\t\t\t\t\t\t\t<p class=\"description\">Al Kempinski Seychelles Resort vivi Mah\u00e9 tra mare cristallino e montagne maestose. Una baia riservata dove relax, romanticismo e [&hellip;]<\/p>\n\t\t\t\t\t\t\n\t\t\t\t\t\t\t\t\t\t\t\t\t\t\t\t\t<\/div>\n\t\t\t\t<\/div>\n\t\t\t<\/li>\n\t\t\t\t\t\t<li  style=\"padding: 23px 0 38px\" class=\"rss_item feedzy-rss-col-3\" >\n\t\t\t\t\t\t\t\t\t<div class=\"rss_image\" style=\"width:225px; height:225px;\">\n\t\t\t\t\t\t<a href=\"https:\/\/seychelles.evolutiontravel.it\/it_IT\/899\/tab\/27489_la-diguoise-guesthouse.html\" target=\"_blank\" \n\t\t\t\t\t\t\trel=\"noopener \"\n\t\t\t\t\t\t\ttitle=\"La Diguoise Guesthouse\"\n\t\t\t\t\t\t\tstyle=\"width:225px; height:225px;\">\n\t\t\t\t\t\t\t<span class=\"fetched\" style=\"background-image:  url('http:\/\/etcdn.net\/thumbnails\/27489\/it-la-digue-la-diguoise-guesthouse-527bb.jpg');\" title=\"La Diguoise Guesthouse\"><\/span><amp-img width=\"225\" height=\"225\" src=\"http:\/\/etcdn.net\/thumbnails\/27489\/it-la-digue-la-diguoise-guesthouse-527bb.jpg\">\t\t\t\t\t\t<\/a>\n\t\t\t\t\t<\/div>\n\t\t\t\t\t\t\t\t<div class=\"rss_content_wrap\">\n\t\t\t\t\t<span class=\"title\">\n\t\t\t\t\t\t<a href=\"https:\/\/seychelles.evolutiontravel.it\/it_IT\/899\/tab\/27489_la-diguoise-guesthouse.html\" target=\"_blank\"  rel=\"noopener \">\n\t\t\t\t\t\t\tLa Diguoise Guesthouse\t\t\t\t\t\t<\/a>\n\t\t\t\t\t<\/span>\n\t\t\t\t\t<div class=\"rss_content\"\n\t\t\t\t\t\t\tstyle=\"\">\n\t\t\t\t\t\t\n\t\t\t\t\t\t\t\t\t\t\t\t<p class=\"description\">Soggiorna a La Diguoise e vivi un\u2019oasi esclusiva a due passi da Anse Source d'Argent. Ville immerse nel verde, piscina, cucina [&hellip;]<\/p>\n\t\t\t\t\t\t\n\t\t\t\t\t\t\t\t\t\t\t\t\t\t\t\t\t\t\t<div class=\"price-wrap\">\n\t\t\t\t\t\t\t\t<a href=\"https:\/\/seychelles.evolutiontravel.it\/it_IT\/899\/tab\/27489_la-diguoise-guesthouse.html\" target=\"_blank\" rel=\"noopener\"><button class=\"price\"> 1640<\/button><\/a>\n\t\t\t\t\t\t\t<\/div>\n\t\t\t\t\t\t\t\t\t\t\t<\/div>\n\t\t\t\t<\/div>\n\t\t\t<\/li>\n\t\t\t\t\t\t<li  style=\"padding: 23px 0 38px\" class=\"rss_item feedzy-rss-col-3\" >\n\t\t\t\t\t\t\t\t\t<div class=\"rss_image\" style=\"width:225px; height:225px;\">\n\t\t\t\t\t\t<a href=\"https:\/\/seychelles.evolutiontravel.it\/it_IT\/899\/tab\/39203_patatran-village-hotel.html\" target=\"_blank\" \n\t\t\t\t\t\t\trel=\"noopener \"\n\t\t\t\t\t\t\ttitle=\"Patatran Village Hotel\"\n\t\t\t\t\t\t\tstyle=\"width:225px; height:225px;\">\n\t\t\t\t\t\t\t<span class=\"fetched\" style=\"background-image:  url('http:\/\/etcdn.net\/thumbnails\/39203\/it-la-digue-patatran-village-hotel-878dd.jpg');\" title=\"Patatran Village Hotel\"><\/span><amp-img width=\"225\" height=\"225\" src=\"http:\/\/etcdn.net\/thumbnails\/39203\/it-la-digue-patatran-village-hotel-878dd.jpg\">\t\t\t\t\t\t<\/a>\n\t\t\t\t\t<\/div>\n\t\t\t\t\t\t\t\t<div class=\"rss_content_wrap\">\n\t\t\t\t\t<span class=\"title\">\n\t\t\t\t\t\t<a href=\"https:\/\/seychelles.evolutiontravel.it\/it_IT\/899\/tab\/39203_patatran-village-hotel.html\" target=\"_blank\"  rel=\"noopener \">\n\t\t\t\t\t\t\tPatatran Village Hotel\t\t\t\t\t\t<\/a>\n\t\t\t\t\t<\/span>\n\t\t\t\t\t<div class=\"rss_content\"\n\t\t\t\t\t\t\tstyle=\"\">\n\t\t\t\t\t\t\n\t\t\t\t\t\t\t\t\t\t\t\t<p class=\"description\">Affacciato sulle acque turchesi di Anse Patate, a La Digue, il Patatran Village offre bungalow panoramici, privacy assoluta, [&hellip;]<\/p>\n\t\t\t\t\t\t\n\t\t\t\t\t\t\t\t\t\t\t\t\t\t\t\t\t\t\t<div class=\"price-wrap\">\n\t\t\t\t\t\t\t\t<a href=\"https:\/\/seychelles.evolutiontravel.it\/it_IT\/899\/tab\/39203_patatran-village-hotel.html\" target=\"_blank\" rel=\"noopener\"><button class=\"price\"> 1890<\/button><\/a>\n\t\t\t\t\t\t\t<\/div>\n\t\t\t\t\t\t\t\t\t\t\t<\/div>\n\t\t\t\t<\/div>\n\t\t\t<\/li>\n\t\t\t\t\t\t<li  style=\"padding: 23px 0 38px\" class=\"rss_item feedzy-rss-col-3\" >\n\t\t\t\t\t\t\t\t\t<div class=\"rss_image\" style=\"width:225px; height:225px;\">\n\t\t\t\t\t\t<a href=\"https:\/\/seychelles.evolutiontravel.it\/it_IT\/899\/tab\/39119_chalets-cote-mer.html\" target=\"_blank\" \n\t\t\t\t\t\t\trel=\"noopener \"\n\t\t\t\t\t\t\ttitle=\"Chalets Cote Mer\"\n\t\t\t\t\t\t\tstyle=\"width:225px; height:225px;\">\n\t\t\t\t\t\t\t<span class=\"fetched\" style=\"background-image:  url('http:\/\/etcdn.net\/thumbnails\/39119\/it-praslin-chalets-cote-mer-4-stelle-superior-7950f.jpg');\" title=\"Chalets Cote Mer\"><\/span><amp-img width=\"225\" height=\"225\" src=\"http:\/\/etcdn.net\/thumbnails\/39119\/it-praslin-chalets-cote-mer-4-stelle-superior-7950f.jpg\">\t\t\t\t\t\t<\/a>\n\t\t\t\t\t<\/div>\n\t\t\t\t\t\t\t\t<div class=\"rss_content_wrap\">\n\t\t\t\t\t<span class=\"title\">\n\t\t\t\t\t\t<a href=\"https:\/\/seychelles.evolutiontravel.it\/it_IT\/899\/tab\/39119_chalets-cote-mer.html\" target=\"_blank\"  rel=\"noopener \">\n\t\t\t\t\t\t\tChalets Cote Mer\t\t\t\t\t\t<\/a>\n\t\t\t\t\t<\/span>\n\t\t\t\t\t<div class=\"rss_content\"\n\t\t\t\t\t\t\tstyle=\"\">\n\t\t\t\t\t\t\n\t\t\t\t\t\t\t\t\t\t\t\t<p class=\"description\">Chalets C\u00f4t\u00e9 Mer a Praslin \u00e8 un rifugio sospeso tra cielo e oceano. Immerso in un giardino curato, regala viste spettacolari [&hellip;]<\/p>\n\t\t\t\t\t\t\n\t\t\t\t\t\t\t\t\t\t\t\t\t\t\t\t\t\t\t<div class=\"price-wrap\">\n\t\t\t\t\t\t\t\t<a href=\"https:\/\/seychelles.evolutiontravel.it\/it_IT\/899\/tab\/39119_chalets-cote-mer.html\" target=\"_blank\" rel=\"noopener\"><button class=\"price\"> 950<\/button><\/a>\n\t\t\t\t\t\t\t<\/div>\n\t\t\t\t\t\t\t\t\t\t\t<\/div>\n\t\t\t\t<\/div>\n\t\t\t<\/li>\n\t\t\t\t\t\t<li  style=\"padding: 23px 0 38px\" class=\"rss_item feedzy-rss-col-3\" >\n\t\t\t\t\t\t\t\t\t<div class=\"rss_image\" style=\"width:225px; height:225px;\">\n\t\t\t\t\t\t<a href=\"https:\/\/seychelles.evolutiontravel.it\/it_IT\/899\/tab\/39130_palm-beach-hotel.html\" target=\"_blank\" \n\t\t\t\t\t\t\trel=\"noopener \"\n\t\t\t\t\t\t\ttitle=\"Palm Beach Hotel\"\n\t\t\t\t\t\t\tstyle=\"width:225px; height:225px;\">\n\t\t\t\t\t\t\t<span class=\"fetched\" style=\"background-image:  url('http:\/\/etcdn.net\/thumbnails\/39130\/it-praslin-palm-beach-hotel-87849.jpg');\" title=\"Palm Beach Hotel\"><\/span><amp-img width=\"225\" height=\"225\" src=\"http:\/\/etcdn.net\/thumbnails\/39130\/it-praslin-palm-beach-hotel-87849.jpg\">\t\t\t\t\t\t<\/a>\n\t\t\t\t\t<\/div>\n\t\t\t\t\t\t\t\t<div class=\"rss_content_wrap\">\n\t\t\t\t\t<span class=\"title\">\n\t\t\t\t\t\t<a href=\"https:\/\/seychelles.evolutiontravel.it\/it_IT\/899\/tab\/39130_palm-beach-hotel.html\" target=\"_blank\"  rel=\"noopener \">\n\t\t\t\t\t\t\tPalm Beach Hotel\t\t\t\t\t\t<\/a>\n\t\t\t\t\t<\/span>\n\t\t\t\t\t<div class=\"rss_content\"\n\t\t\t\t\t\t\tstyle=\"\">\n\t\t\t\t\t\t\n\t\t\t\t\t\t\t\t\t\t\t\t<p class=\"description\">Svegliati sul mare cristallino di Grand Anse: sabbia bianca, atmosfera coloniale e puro relax. Al Palm Beach Hotel vivi le [&hellip;]<\/p>\n\t\t\t\t\t\t\n\t\t\t\t\t\t\t\t\t\t\t\t\t\t\t\t\t\t\t<div class=\"price-wrap\">\n\t\t\t\t\t\t\t\t<a href=\"https:\/\/seychelles.evolutiontravel.it\/it_IT\/899\/tab\/39130_palm-beach-hotel.html\" target=\"_blank\" rel=\"noopener\"><button class=\"price\"> 1780<\/button><\/a>\n\t\t\t\t\t\t\t<\/div>\n\t\t\t\t\t\t\t\t\t\t\t<\/div>\n\t\t\t\t<\/div>\n\t\t\t<\/li>\n\t\t\t\t<\/ul>\n<\/div>\n<style type=\"text\/css\" media=\"all\">.feedzy-rss .rss_item .rss_image{float:left;position:relative;border:none;text-decoration:none;max-width:100%}.feedzy-rss .rss_item .rss_image span{display:inline-block;position:absolute;width:100%;height:100%;background-position:50%;background-size:cover}.feedzy-rss .rss_item .rss_image{margin:.3em 1em 0 0;content-visibility:auto}.feedzy-rss ul{list-style:none}.feedzy-rss ul li{display:inline-block}<\/style>\n","protected":false},"excerpt":{"rendered":"<p>Coco Island, Seychelles: un vero e proprio capolavoro della natura, a pochi chilometri a La Digue. L&#8217;isola \u00e8 parco marino e la meta ideale per fare snorkeling ed immersioni subacquee. Ma non solo, anche i semplici bagnanti possono fare straordinarie esperienze come per esempio nuotare insieme alle tartarughe\u00a0marine o pesci che sembrano temere l\u2019uomo e <a class=\"moretag\" href=\"https:\/\/seychelles.evolutiontravel.it\/infovacanze\/destinazioni\/cocos\/\">[&#8230;]<\/a><\/p>\n","protected":false},"author":1,"featured_media":0,"parent":164,"menu_order":0,"comment_status":"closed","ping_status":"open","template":"templates\/template-with-right-sidebar.php","meta":{"footnotes":""},"yoast_head":"<!-- This site is optimized with the Yoast SEO plugin v21.9.1 - https:\/\/yoast.com\/wordpress\/plugins\/seo\/ -->\n<title>Coco Island, alle Seychelles per fare snorkeling e immersioni<\/title>\n<meta name=\"description\" content=\"Nell\u2019arcipelago delle Seychelles, Ile Cocos, isolotto disabitato assolutamente suggestivo per i suoi colori e panorami. Leggi il nostro articolo!\" \/>\n<meta name=\"robots\" content=\"index, follow, max-snippet:-1, max-image-preview:large, max-video-preview:-1\" \/>\n<link rel=\"canonical\" href=\"https:\/\/seychelles.evolutiontravel.it\/infovacanze\/destinazioni\/cocos\/\" \/>\n<meta name=\"twitter:label1\" content=\"Tempo di lettura stimato\" \/>\n\t<meta name=\"twitter:data1\" content=\"1 minuto\" \/>\n<script type=\"application\/ld+json\" class=\"yoast-schema-graph\">{\"@context\":\"https:\/\/schema.org\",\"@graph\":[{\"@type\":\"WebPage\",\"@id\":\"https:\/\/seychelles.evolutiontravel.it\/infovacanze\/destinazioni\/cocos\/\",\"url\":\"https:\/\/seychelles.evolutiontravel.it\/infovacanze\/destinazioni\/cocos\/\",\"name\":\"Coco Island, alle Seychelles per fare snorkeling e immersioni\",\"isPartOf\":{\"@id\":\"https:\/\/seychelles.evolutiontravel.it\/infovacanze\/#website\"},\"datePublished\":\"2013-08-20T15:13:48+00:00\",\"dateModified\":\"2018-01-11T11:15:49+00:00\",\"description\":\"Nell\u2019arcipelago delle Seychelles, Ile Cocos, isolotto disabitato assolutamente suggestivo per i suoi colori e panorami. Leggi il nostro articolo!\",\"breadcrumb\":{\"@id\":\"https:\/\/seychelles.evolutiontravel.it\/infovacanze\/destinazioni\/cocos\/#breadcrumb\"},\"inLanguage\":\"it-IT\",\"potentialAction\":[{\"@type\":\"ReadAction\",\"target\":[\"https:\/\/seychelles.evolutiontravel.it\/infovacanze\/destinazioni\/cocos\/\"]}]},{\"@type\":\"BreadcrumbList\",\"@id\":\"https:\/\/seychelles.evolutiontravel.it\/infovacanze\/destinazioni\/cocos\/#breadcrumb\",\"itemListElement\":[{\"@type\":\"ListItem\",\"position\":1,\"name\":\"Luoghi da non perdere alle Seychelles\",\"item\":\"https:\/\/seychelles.evolutiontravel.it\/infovacanze\/destinazioni\/\"},{\"@type\":\"ListItem\",\"position\":2,\"name\":\"Coco Island, parco marino delle Seychelles\"}]},{\"@type\":\"WebSite\",\"@id\":\"https:\/\/seychelles.evolutiontravel.it\/infovacanze\/#website\",\"url\":\"https:\/\/seychelles.evolutiontravel.it\/infovacanze\/\",\"name\":\"Seychelles\",\"description\":\"\",\"potentialAction\":[{\"@type\":\"SearchAction\",\"target\":{\"@type\":\"EntryPoint\",\"urlTemplate\":\"https:\/\/seychelles.evolutiontravel.it\/infovacanze\/?s={search_term_string}\"},\"query-input\":\"required name=search_term_string\"}],\"inLanguage\":\"it-IT\"}]}<\/script>\n<!-- \/ Yoast SEO plugin. -->","yoast_head_json":{"title":"Coco Island, alle Seychelles per fare snorkeling e immersioni","description":"Nell\u2019arcipelago delle Seychelles, Ile Cocos, isolotto disabitato assolutamente suggestivo per i suoi colori e panorami. Leggi il nostro articolo!","robots":{"index":"index","follow":"follow","max-snippet":"max-snippet:-1","max-image-preview":"max-image-preview:large","max-video-preview":"max-video-preview:-1"},"canonical":"https:\/\/seychelles.evolutiontravel.it\/infovacanze\/destinazioni\/cocos\/","twitter_misc":{"Tempo di lettura stimato":"1 minuto"},"schema":{"@context":"https:\/\/schema.org","@graph":[{"@type":"WebPage","@id":"https:\/\/seychelles.evolutiontravel.it\/infovacanze\/destinazioni\/cocos\/","url":"https:\/\/seychelles.evolutiontravel.it\/infovacanze\/destinazioni\/cocos\/","name":"Coco Island, alle Seychelles per fare snorkeling e immersioni","isPartOf":{"@id":"https:\/\/seychelles.evolutiontravel.it\/infovacanze\/#website"},"datePublished":"2013-08-20T15:13:48+00:00","dateModified":"2018-01-11T11:15:49+00:00","description":"Nell\u2019arcipelago delle Seychelles, Ile Cocos, isolotto disabitato assolutamente suggestivo per i suoi colori e panorami. Leggi il nostro articolo!","breadcrumb":{"@id":"https:\/\/seychelles.evolutiontravel.it\/infovacanze\/destinazioni\/cocos\/#breadcrumb"},"inLanguage":"it-IT","potentialAction":[{"@type":"ReadAction","target":["https:\/\/seychelles.evolutiontravel.it\/infovacanze\/destinazioni\/cocos\/"]}]},{"@type":"BreadcrumbList","@id":"https:\/\/seychelles.evolutiontravel.it\/infovacanze\/destinazioni\/cocos\/#breadcrumb","itemListElement":[{"@type":"ListItem","position":1,"name":"Luoghi da non perdere alle Seychelles","item":"https:\/\/seychelles.evolutiontravel.it\/infovacanze\/destinazioni\/"},{"@type":"ListItem","position":2,"name":"Coco Island, parco marino delle Seychelles"}]},{"@type":"WebSite","@id":"https:\/\/seychelles.evolutiontravel.it\/infovacanze\/#website","url":"https:\/\/seychelles.evolutiontravel.it\/infovacanze\/","name":"Seychelles","description":"","potentialAction":[{"@type":"SearchAction","target":{"@type":"EntryPoint","urlTemplate":"https:\/\/seychelles.evolutiontravel.it\/infovacanze\/?s={search_term_string}"},"query-input":"required name=search_term_string"}],"inLanguage":"it-IT"}]}},"_links":{"self":[{"href":"https:\/\/seychelles.evolutiontravel.it\/infovacanze\/wp-json\/wp\/v2\/pages\/196"}],"collection":[{"href":"https:\/\/seychelles.evolutiontravel.it\/infovacanze\/wp-json\/wp\/v2\/pages"}],"about":[{"href":"https:\/\/seychelles.evolutiontravel.it\/infovacanze\/wp-json\/wp\/v2\/types\/page"}],"author":[{"embeddable":true,"href":"https:\/\/seychelles.evolutiontravel.it\/infovacanze\/wp-json\/wp\/v2\/users\/1"}],"replies":[{"embeddable":true,"href":"https:\/\/seychelles.evolutiontravel.it\/infovacanze\/wp-json\/wp\/v2\/comments?post=196"}],"version-history":[{"count":6,"href":"https:\/\/seychelles.evolutiontravel.it\/infovacanze\/wp-json\/wp\/v2\/pages\/196\/revisions"}],"predecessor-version":[{"id":882,"href":"https:\/\/seychelles.evolutiontravel.it\/infovacanze\/wp-json\/wp\/v2\/pages\/196\/revisions\/882"}],"up":[{"embeddable":true,"href":"https:\/\/seychelles.evolutiontravel.it\/infovacanze\/wp-json\/wp\/v2\/pages\/164"}],"wp:attachment":[{"href":"https:\/\/seychelles.evolutiontravel.it\/infovacanze\/wp-json\/wp\/v2\/media?parent=196"}],"curies":[{"name":"wp","href":"https:\/\/api.w.org\/{rel}","templated":true}]}}