{"id":172,"date":"2013-08-20T12:47:14","date_gmt":"2013-08-20T10:47:14","guid":{"rendered":"http:\/\/seychelles.evolutiontravel.it\/infovacanze\/?page_id=172"},"modified":"2018-01-11T10:27:15","modified_gmt":"2018-01-11T09:27:15","slug":"grande-soeur","status":"publish","type":"page","link":"https:\/\/seychelles.evolutiontravel.it\/infovacanze\/destinazioni\/grande-soeur\/","title":{"rendered":"Grande Soeur"},"content":{"rendered":"<p align=\"justify\"><strong>Grande Soeur<\/strong>\u00a0e\u00a0<strong>Petit Soeur<\/strong>, le famose &#8220;<strong><em>Sisters island<\/em><\/strong>\u201d, due isole dell&#8217;<strong>arcipelago delle Seychelles<\/strong>.<\/p>\n<p align=\"justify\">Situate 6 chilometri a nord-est di\u00a0La Digue, sono poco distanti da Coco Island\u00a0e\u00a0Felicit\u00e8, un paradiso dove l\u2019uomo pare quasi fuori posto tanto perfetto \u00e8 il quadro che la Natura ha saputo creare.<\/p>\n<p>Grande Soeur\u00a0fa parte delle \u201c<em>Isole Vicine<\/em>\u201d ed \u00e8 di origine granitica, anche qui come a\u00a0Coco Island\u00a0e\u00a0Felicit\u00e8\u00a0non vi sono\u00a0Hotel\u00a0ma insieme a\u00a0Petit Soeur\u00a0\u00e8 amministrata\u00a0<strong>dall&#8217;Hotel Chateau de Feuilles<\/strong>\u00a0di\u00a0<strong>Praslin.<\/strong><\/p>\n<p align=\"justify\">L&#8217;isola si presta a varie escursioni. Camminare attraverso le piante tropicali sotto un cielo azzurro dove gli unici suoni sono il\u00a0<strong>rumore del mare<\/strong>\u00a0e il\u00a0<strong>verso degli uccelli<\/strong>, \u00e8 come fare <strong>un viaggio indietro nel tempo<\/strong>.<\/p>\n<p align=\"justify\"><img loading=\"lazy\" decoding=\"async\" class=\"size-medium wp-image-701 alignright\" src=\"https:\/\/seychelles.evolutiontravel.it\/infovacanze\/wp-content\/uploads\/sites\/16\/2013\/08\/Grande-Soeur-300x200.jpg\" alt=\"Grande Soeur\" width=\"300\" height=\"200\" srcset=\"https:\/\/seychelles.evolutiontravel.it\/infovacanze\/wp-content\/uploads\/sites\/16\/2013\/08\/Grande-Soeur-300x200.jpg 300w, https:\/\/seychelles.evolutiontravel.it\/infovacanze\/wp-content\/uploads\/sites\/16\/2013\/08\/Grande-Soeur.jpg 400w\" sizes=\"(max-width: 300px) 100vw, 300px\" \/><\/p>\n<p align=\"justify\"><strong>L\u2019Oceano indiano<\/strong>\u00a0\u00e8 il protagonista assoluto a\u00a0Grande Soeur, i suoi colori spaziano dal verde al turchese, dall\u2019azzurro al blu, un arcobaleno impressionante impreziosito dalla <strong>ricca e vivace\u00a0vita sottomarina<\/strong>\u00a0che richiama praticanti di\u00a0<strong>immersioni subacquee e snorkeling. <\/strong><\/p>\n<p align=\"justify\">Nuotare nelle sue <strong>acque calde<\/strong> \u00e8 un\u2019esperienza da provare, anche per coloro che vogliono solamente passare qualche ora di relax.<\/p>\n<p align=\"justify\">Le Seychelles\u00a0sono da sempre una meta ambita per le\u00a0vacanze, un luogo dove ci si pu\u00f2 divertire e rilassare su <strong>splendide lagune di acqua cristallina<\/strong>\u00a0e spiagge di borotalco tanto \u00e8 bianca e sottile la sabbia!<\/p>\n<p style=\"text-align: left\" align=\"justify\">Per approfondire alcuni degli argomenti trattati in questo articolo clicca su quello di tuo interesse:<\/p>\n<ul>\n<li style=\"text-align: left\"><a title=\"Petit Soeur\" href=\"https:\/\/seychelles.evolutiontravel.it\/infovacanze\/destinazioni\/petite-soeur\/\">Petit Soeur<\/a><\/li>\n<li style=\"text-align: left\"><a title=\"La Digue\" href=\"https:\/\/seychelles.evolutiontravel.it\/infovacanze\/destinazioni\/la-digue\/\">La Digue<\/a><\/li>\n<li style=\"text-align: left\"><a title=\"Ile Cocos\" href=\"https:\/\/seychelles.evolutiontravel.it\/infovacanze\/destinazioni\/cocos\/\">Ile Cocos<\/a><\/li>\n<li style=\"text-align: left\"><a title=\"felicite\" href=\"https:\/\/seychelles.evolutiontravel.it\/infovacanze\/destinazioni\/felicite\/\">Felicit\u00e8<\/a><\/li>\n<li style=\"text-align: left\"><a title=\"Praslin\" href=\"https:\/\/seychelles.evolutiontravel.it\/infovacanze\/destinazioni\/praslin\/\">Praslin<\/a><\/li>\n<\/ul>\n<h3 style=\"text-align: center\">Scopri le imperdibili offerte di Evolution Travel<\/h3>\n<p style=\"text-align: center\"><strong><span style=\"color: #008000\">Seychelles<\/span> <\/strong>a<strong> <span style=\"color: #008000\">MENO DI 2000 EURO<\/span><\/strong>!<\/p>\n<p style=\"text-align: center\"><span style=\"color: #008000\"><strong>CLICCA E SCOPRI SUBITO<\/strong><\/span>: <strong>programma<\/strong>,<strong> foto<\/strong>, <strong>attivit\u00e0<\/strong>, <strong>partenze<\/strong> e molto altro!<\/p>\n<div class=\"feedzy-b359114797cf677c18b36c2b1e33dd78 feedzy-rss\">\n\t\t<ul class=\"feedzy-style2\">\n\t\t\t\t\t<li  style=\"padding: 23px 0 38px\" class=\"rss_item feedzy-rss-col-3\" >\n\t\t\t\t\t\t\t\t\t<div class=\"rss_image\" style=\"width:225px; height:225px;\">\n\t\t\t\t\t\t<a href=\"https:\/\/seychelles.evolutiontravel.it\/it_IT\/899\/tab\/41642_crown-beach-hotel.html\" target=\"_blank\" \n\t\t\t\t\t\t\trel=\"noopener \"\n\t\t\t\t\t\t\ttitle=\"Crown Beach Hotel\"\n\t\t\t\t\t\t\tstyle=\"width:225px; height:225px;\">\n\t\t\t\t\t\t\t<span class=\"fetched\" style=\"background-image:  url('http:\/\/etcdn.net\/thumbnails\/41642\/it-mahe-crown-beach-hotel-87cfb.jpg');\" title=\"Crown Beach Hotel\"><\/span><amp-img width=\"225\" height=\"225\" src=\"http:\/\/etcdn.net\/thumbnails\/41642\/it-mahe-crown-beach-hotel-87cfb.jpg\">\t\t\t\t\t\t<\/a>\n\t\t\t\t\t<\/div>\n\t\t\t\t\t\t\t\t<div class=\"rss_content_wrap\">\n\t\t\t\t\t<span class=\"title\">\n\t\t\t\t\t\t<a href=\"https:\/\/seychelles.evolutiontravel.it\/it_IT\/899\/tab\/41642_crown-beach-hotel.html\" target=\"_blank\"  rel=\"noopener \">\n\t\t\t\t\t\t\tCrown Beach Hotel\t\t\t\t\t\t<\/a>\n\t\t\t\t\t<\/span>\n\t\t\t\t\t<div class=\"rss_content\"\n\t\t\t\t\t\t\tstyle=\"\">\n\t\t\t\t\t\t\n\t\t\t\t\t\t\t\t\t\t\t\t<p class=\"description\">Crown Beach Hotel, ad Anse Royale, \u00e8 un rifugio intimo affacciato su acque cristalline. Qui il tempo rallenta tra sabbia chiara, [&hellip;]<\/p>\n\t\t\t\t\t\t\n\t\t\t\t\t\t\t\t\t\t\t\t\t\t\t\t\t\t\t<div class=\"price-wrap\">\n\t\t\t\t\t\t\t\t<a href=\"https:\/\/seychelles.evolutiontravel.it\/it_IT\/899\/tab\/41642_crown-beach-hotel.html\" target=\"_blank\" rel=\"noopener\"><button class=\"price\"> 1960<\/button><\/a>\n\t\t\t\t\t\t\t<\/div>\n\t\t\t\t\t\t\t\t\t\t\t<\/div>\n\t\t\t\t<\/div>\n\t\t\t<\/li>\n\t\t\t\t\t\t<li  style=\"padding: 23px 0 38px\" class=\"rss_item feedzy-rss-col-3\" >\n\t\t\t\t\t\t\t\t\t<div class=\"rss_image\" style=\"width:225px; height:225px;\">\n\t\t\t\t\t\t<a href=\"https:\/\/seychelles.evolutiontravel.it\/it_IT\/899\/tab\/41639_marie-laure-suites-luxury-holiday-apartments.html\" target=\"_blank\" \n\t\t\t\t\t\t\trel=\"noopener \"\n\t\t\t\t\t\t\ttitle=\"Marie Laure Suites Luxury Holiday Apartments\"\n\t\t\t\t\t\t\tstyle=\"width:225px; height:225px;\">\n\t\t\t\t\t\t\t<span class=\"fetched\" style=\"background-image:  url('http:\/\/etcdn.net\/thumbnails\/41639\/it-mahe-marie-laure-suites-luxury-holiday-apartments-87ce2.jpg');\" title=\"Marie Laure Suites Luxury Holiday Apartments\"><\/span><amp-img width=\"225\" height=\"225\" src=\"http:\/\/etcdn.net\/thumbnails\/41639\/it-mahe-marie-laure-suites-luxury-holiday-apartments-87ce2.jpg\">\t\t\t\t\t\t<\/a>\n\t\t\t\t\t<\/div>\n\t\t\t\t\t\t\t\t<div class=\"rss_content_wrap\">\n\t\t\t\t\t<span class=\"title\">\n\t\t\t\t\t\t<a href=\"https:\/\/seychelles.evolutiontravel.it\/it_IT\/899\/tab\/41639_marie-laure-suites-luxury-holiday-apartments.html\" target=\"_blank\"  rel=\"noopener \">\n\t\t\t\t\t\t\tMarie Laure Suites Luxury Holiday Apartments\t\t\t\t\t\t<\/a>\n\t\t\t\t\t<\/span>\n\t\t\t\t\t<div class=\"rss_content\"\n\t\t\t\t\t\t\tstyle=\"\">\n\t\t\t\t\t\t\n\t\t\t\t\t\t\t\t\t\t\t\t<p class=\"description\">Marie Laure Apartments, a Mah\u00e9, offrono un rifugio intimo immerso nella natura, con vista mare e ambienti accoglienti: la [&hellip;]<\/p>\n\t\t\t\t\t\t\n\t\t\t\t\t\t\t\t\t\t\t\t\t\t\t\t\t\t\t<div class=\"price-wrap\">\n\t\t\t\t\t\t\t\t<a href=\"https:\/\/seychelles.evolutiontravel.it\/it_IT\/899\/tab\/41639_marie-laure-suites-luxury-holiday-apartments.html\" target=\"_blank\" rel=\"noopener\"><button class=\"price\"> 1440<\/button><\/a>\n\t\t\t\t\t\t\t<\/div>\n\t\t\t\t\t\t\t\t\t\t\t<\/div>\n\t\t\t\t<\/div>\n\t\t\t<\/li>\n\t\t\t\t\t\t<li  style=\"padding: 23px 0 38px\" class=\"rss_item feedzy-rss-col-3\" >\n\t\t\t\t\t\t\t\t\t<div class=\"rss_image\" style=\"width:225px; height:225px;\">\n\t\t\t\t\t\t<a href=\"https:\/\/seychelles.evolutiontravel.it\/it_IT\/899\/tab\/41640_le-relax-hotel-and-restaurant.html\" target=\"_blank\" \n\t\t\t\t\t\t\trel=\"noopener \"\n\t\t\t\t\t\t\ttitle=\"Le Relax Hotel and Restaurant\"\n\t\t\t\t\t\t\tstyle=\"width:225px; height:225px;\">\n\t\t\t\t\t\t\t<span class=\"fetched\" style=\"background-image:  url('http:\/\/etcdn.net\/thumbnails\/41640\/it-mahe-le-relax-hotel-and-restaurant-87cec.jpg');\" title=\"Le Relax Hotel and Restaurant\"><\/span><amp-img width=\"225\" height=\"225\" src=\"http:\/\/etcdn.net\/thumbnails\/41640\/it-mahe-le-relax-hotel-and-restaurant-87cec.jpg\">\t\t\t\t\t\t<\/a>\n\t\t\t\t\t<\/div>\n\t\t\t\t\t\t\t\t<div class=\"rss_content_wrap\">\n\t\t\t\t\t<span class=\"title\">\n\t\t\t\t\t\t<a href=\"https:\/\/seychelles.evolutiontravel.it\/it_IT\/899\/tab\/41640_le-relax-hotel-and-restaurant.html\" target=\"_blank\"  rel=\"noopener \">\n\t\t\t\t\t\t\tLe Relax Hotel and Restaurant\t\t\t\t\t\t<\/a>\n\t\t\t\t\t<\/span>\n\t\t\t\t\t<div class=\"rss_content\"\n\t\t\t\t\t\t\tstyle=\"\">\n\t\t\t\t\t\t\n\t\t\t\t\t\t\t\t\t\t\t\t<p class=\"description\">Le Relax Hotel and Restaurant, a Mah\u00e9, \u00e8 un rifugio fronte mare dove semplicit\u00e0 e autenticit\u00e0 si incontrano, tra atmosfere [&hellip;]<\/p>\n\t\t\t\t\t\t\n\t\t\t\t\t\t\t\t\t\t\t\t\t\t\t\t\t\t\t<div class=\"price-wrap\">\n\t\t\t\t\t\t\t\t<a href=\"https:\/\/seychelles.evolutiontravel.it\/it_IT\/899\/tab\/41640_le-relax-hotel-and-restaurant.html\" target=\"_blank\" rel=\"noopener\"><button class=\"price\"> 1690<\/button><\/a>\n\t\t\t\t\t\t\t<\/div>\n\t\t\t\t\t\t\t\t\t\t\t<\/div>\n\t\t\t\t<\/div>\n\t\t\t<\/li>\n\t\t\t\t\t\t<li  style=\"padding: 23px 0 38px\" class=\"rss_item feedzy-rss-col-3\" >\n\t\t\t\t\t\t\t\t\t<div class=\"rss_image\" style=\"width:225px; height:225px;\">\n\t\t\t\t\t\t<a href=\"https:\/\/seychelles.evolutiontravel.it\/it_IT\/899\/tab\/39204_villa-creole-guest-house.html\" target=\"_blank\" \n\t\t\t\t\t\t\trel=\"noopener \"\n\t\t\t\t\t\t\ttitle=\"Villa Creole Guest House\"\n\t\t\t\t\t\t\tstyle=\"width:225px; height:225px;\">\n\t\t\t\t\t\t\t<span class=\"fetched\" style=\"background-image:  url('http:\/\/etcdn.net\/thumbnails\/39204\/it-la-digue-villa-creole-guest-house-79d70.jpg');\" title=\"Villa Creole Guest House\"><\/span><amp-img width=\"225\" height=\"225\" src=\"http:\/\/etcdn.net\/thumbnails\/39204\/it-la-digue-villa-creole-guest-house-79d70.jpg\">\t\t\t\t\t\t<\/a>\n\t\t\t\t\t<\/div>\n\t\t\t\t\t\t\t\t<div class=\"rss_content_wrap\">\n\t\t\t\t\t<span class=\"title\">\n\t\t\t\t\t\t<a href=\"https:\/\/seychelles.evolutiontravel.it\/it_IT\/899\/tab\/39204_villa-creole-guest-house.html\" target=\"_blank\"  rel=\"noopener \">\n\t\t\t\t\t\t\tVilla Creole Guest House\t\t\t\t\t\t<\/a>\n\t\t\t\t\t<\/span>\n\t\t\t\t\t<div class=\"rss_content\"\n\t\t\t\t\t\t\tstyle=\"\">\n\t\t\t\t\t\t\n\t\t\t\t\t\t\t\t\t\t\t\t<p class=\"description\">Svegliati fronte mare a Anse Reunion, a La Digue: Villa Creole offre chalet creoli immersi nel verde, a pochi minuti da Anse [&hellip;]<\/p>\n\t\t\t\t\t\t\n\t\t\t\t\t\t\t\t\t\t\t\t\t\t\t\t\t\t\t<div class=\"price-wrap\">\n\t\t\t\t\t\t\t\t<a href=\"https:\/\/seychelles.evolutiontravel.it\/it_IT\/899\/tab\/39204_villa-creole-guest-house.html\" target=\"_blank\" rel=\"noopener\"><button class=\"price\"> 1630<\/button><\/a>\n\t\t\t\t\t\t\t<\/div>\n\t\t\t\t\t\t\t\t\t\t\t<\/div>\n\t\t\t\t<\/div>\n\t\t\t<\/li>\n\t\t\t\t\t\t<li  style=\"padding: 23px 0 38px\" class=\"rss_item feedzy-rss-col-3\" >\n\t\t\t\t\t\t\t\t\t<div class=\"rss_image\" style=\"width:225px; height:225px;\">\n\t\t\t\t\t\t<a href=\"https:\/\/seychelles.evolutiontravel.it\/it_IT\/899\/tab\/27489_la-diguoise-guesthouse.html\" target=\"_blank\" \n\t\t\t\t\t\t\trel=\"noopener \"\n\t\t\t\t\t\t\ttitle=\"La Diguoise Guesthouse\"\n\t\t\t\t\t\t\tstyle=\"width:225px; height:225px;\">\n\t\t\t\t\t\t\t<span class=\"fetched\" style=\"background-image:  url('http:\/\/etcdn.net\/thumbnails\/27489\/it-la-digue-la-diguoise-guesthouse-527bb.jpg');\" title=\"La Diguoise Guesthouse\"><\/span><amp-img width=\"225\" height=\"225\" src=\"http:\/\/etcdn.net\/thumbnails\/27489\/it-la-digue-la-diguoise-guesthouse-527bb.jpg\">\t\t\t\t\t\t<\/a>\n\t\t\t\t\t<\/div>\n\t\t\t\t\t\t\t\t<div class=\"rss_content_wrap\">\n\t\t\t\t\t<span class=\"title\">\n\t\t\t\t\t\t<a href=\"https:\/\/seychelles.evolutiontravel.it\/it_IT\/899\/tab\/27489_la-diguoise-guesthouse.html\" target=\"_blank\"  rel=\"noopener \">\n\t\t\t\t\t\t\tLa Diguoise Guesthouse\t\t\t\t\t\t<\/a>\n\t\t\t\t\t<\/span>\n\t\t\t\t\t<div class=\"rss_content\"\n\t\t\t\t\t\t\tstyle=\"\">\n\t\t\t\t\t\t\n\t\t\t\t\t\t\t\t\t\t\t\t<p class=\"description\">Soggiorna a La Diguoise e vivi un\u2019oasi esclusiva a due passi da Anse Source d'Argent. Ville immerse nel verde, piscina, cucina [&hellip;]<\/p>\n\t\t\t\t\t\t\n\t\t\t\t\t\t\t\t\t\t\t\t\t\t\t\t\t\t\t<div class=\"price-wrap\">\n\t\t\t\t\t\t\t\t<a href=\"https:\/\/seychelles.evolutiontravel.it\/it_IT\/899\/tab\/27489_la-diguoise-guesthouse.html\" target=\"_blank\" rel=\"noopener\"><button class=\"price\"> 1640<\/button><\/a>\n\t\t\t\t\t\t\t<\/div>\n\t\t\t\t\t\t\t\t\t\t\t<\/div>\n\t\t\t\t<\/div>\n\t\t\t<\/li>\n\t\t\t\t\t\t<li  style=\"padding: 23px 0 38px\" class=\"rss_item feedzy-rss-col-3\" >\n\t\t\t\t\t\t\t\t\t<div class=\"rss_image\" style=\"width:225px; height:225px;\">\n\t\t\t\t\t\t<a href=\"https:\/\/seychelles.evolutiontravel.it\/it_IT\/899\/tab\/39203_patatran-village-hotel.html\" target=\"_blank\" \n\t\t\t\t\t\t\trel=\"noopener \"\n\t\t\t\t\t\t\ttitle=\"Patatran Village Hotel\"\n\t\t\t\t\t\t\tstyle=\"width:225px; height:225px;\">\n\t\t\t\t\t\t\t<span class=\"fetched\" style=\"background-image:  url('http:\/\/etcdn.net\/thumbnails\/39203\/it-la-digue-patatran-village-hotel-878dd.jpg');\" title=\"Patatran Village Hotel\"><\/span><amp-img width=\"225\" height=\"225\" src=\"http:\/\/etcdn.net\/thumbnails\/39203\/it-la-digue-patatran-village-hotel-878dd.jpg\">\t\t\t\t\t\t<\/a>\n\t\t\t\t\t<\/div>\n\t\t\t\t\t\t\t\t<div class=\"rss_content_wrap\">\n\t\t\t\t\t<span class=\"title\">\n\t\t\t\t\t\t<a href=\"https:\/\/seychelles.evolutiontravel.it\/it_IT\/899\/tab\/39203_patatran-village-hotel.html\" target=\"_blank\"  rel=\"noopener \">\n\t\t\t\t\t\t\tPatatran Village Hotel\t\t\t\t\t\t<\/a>\n\t\t\t\t\t<\/span>\n\t\t\t\t\t<div class=\"rss_content\"\n\t\t\t\t\t\t\tstyle=\"\">\n\t\t\t\t\t\t\n\t\t\t\t\t\t\t\t\t\t\t\t<p class=\"description\">Affacciato sulle acque turchesi di Anse Patate, a La Digue, il Patatran Village offre bungalow panoramici, privacy assoluta, [&hellip;]<\/p>\n\t\t\t\t\t\t\n\t\t\t\t\t\t\t\t\t\t\t\t\t\t\t\t\t\t\t<div class=\"price-wrap\">\n\t\t\t\t\t\t\t\t<a href=\"https:\/\/seychelles.evolutiontravel.it\/it_IT\/899\/tab\/39203_patatran-village-hotel.html\" target=\"_blank\" rel=\"noopener\"><button class=\"price\"> 1890<\/button><\/a>\n\t\t\t\t\t\t\t<\/div>\n\t\t\t\t\t\t\t\t\t\t\t<\/div>\n\t\t\t\t<\/div>\n\t\t\t<\/li>\n\t\t\t\t<\/ul>\n<\/div>\n<style type=\"text\/css\" media=\"all\">.feedzy-rss .rss_item .rss_image{float:left;position:relative;border:none;text-decoration:none;max-width:100%}.feedzy-rss .rss_item .rss_image span{display:inline-block;position:absolute;width:100%;height:100%;background-position:50%;background-size:cover}.feedzy-rss .rss_item .rss_image{margin:.3em 1em 0 0;content-visibility:auto}.feedzy-rss ul{list-style:none}.feedzy-rss ul li{display:inline-block}<\/style>\n","protected":false},"excerpt":{"rendered":"<p>Grande Soeur\u00a0e\u00a0Petit Soeur, le famose &#8220;Sisters island\u201d, due isole dell&#8217;arcipelago delle Seychelles. Situate 6 chilometri a nord-est di\u00a0La Digue, sono poco distanti da Coco Island\u00a0e\u00a0Felicit\u00e8, un paradiso dove l\u2019uomo pare quasi fuori posto tanto perfetto \u00e8 il quadro che la Natura ha saputo creare. Grande Soeur\u00a0fa parte delle \u201cIsole Vicine\u201d ed \u00e8 di origine granitica, <a class=\"moretag\" href=\"https:\/\/seychelles.evolutiontravel.it\/infovacanze\/destinazioni\/grande-soeur\/\">[&#8230;]<\/a><\/p>\n","protected":false},"author":1,"featured_media":0,"parent":164,"menu_order":0,"comment_status":"closed","ping_status":"open","template":"templates\/template-with-right-sidebar.php","meta":{"footnotes":""},"yoast_head":"<!-- This site is optimized with the Yoast SEO plugin v21.9.1 - https:\/\/yoast.com\/wordpress\/plugins\/seo\/ -->\n<title>Grande Soeur, isola granitica delle Seychelles - Evolution Travel<\/title>\n<meta name=\"description\" content=\"A pochi chilometri da La Digue, l&#039;isola di Grande Soeur si staglia splendida nelle acque dell\u2019Oceano Indiano: scopri con noi il suo splendore!\" \/>\n<meta name=\"robots\" content=\"index, follow, max-snippet:-1, max-image-preview:large, max-video-preview:-1\" \/>\n<link rel=\"canonical\" href=\"https:\/\/seychelles.evolutiontravel.it\/infovacanze\/destinazioni\/grande-soeur\/\" \/>\n<meta name=\"twitter:label1\" content=\"Tempo di lettura stimato\" \/>\n\t<meta name=\"twitter:data1\" content=\"1 minuto\" \/>\n<script type=\"application\/ld+json\" class=\"yoast-schema-graph\">{\"@context\":\"https:\/\/schema.org\",\"@graph\":[{\"@type\":\"WebPage\",\"@id\":\"https:\/\/seychelles.evolutiontravel.it\/infovacanze\/destinazioni\/grande-soeur\/\",\"url\":\"https:\/\/seychelles.evolutiontravel.it\/infovacanze\/destinazioni\/grande-soeur\/\",\"name\":\"Grande Soeur, isola granitica delle Seychelles - Evolution Travel\",\"isPartOf\":{\"@id\":\"https:\/\/seychelles.evolutiontravel.it\/infovacanze\/#website\"},\"datePublished\":\"2013-08-20T10:47:14+00:00\",\"dateModified\":\"2018-01-11T09:27:15+00:00\",\"description\":\"A pochi chilometri da La Digue, l'isola di Grande Soeur si staglia splendida nelle acque dell\u2019Oceano Indiano: scopri con noi il suo splendore!\",\"breadcrumb\":{\"@id\":\"https:\/\/seychelles.evolutiontravel.it\/infovacanze\/destinazioni\/grande-soeur\/#breadcrumb\"},\"inLanguage\":\"it-IT\",\"potentialAction\":[{\"@type\":\"ReadAction\",\"target\":[\"https:\/\/seychelles.evolutiontravel.it\/infovacanze\/destinazioni\/grande-soeur\/\"]}]},{\"@type\":\"BreadcrumbList\",\"@id\":\"https:\/\/seychelles.evolutiontravel.it\/infovacanze\/destinazioni\/grande-soeur\/#breadcrumb\",\"itemListElement\":[{\"@type\":\"ListItem\",\"position\":1,\"name\":\"Luoghi da non perdere alle Seychelles\",\"item\":\"https:\/\/seychelles.evolutiontravel.it\/infovacanze\/destinazioni\/\"},{\"@type\":\"ListItem\",\"position\":2,\"name\":\"Grande Soeur\"}]},{\"@type\":\"WebSite\",\"@id\":\"https:\/\/seychelles.evolutiontravel.it\/infovacanze\/#website\",\"url\":\"https:\/\/seychelles.evolutiontravel.it\/infovacanze\/\",\"name\":\"Seychelles\",\"description\":\"\",\"potentialAction\":[{\"@type\":\"SearchAction\",\"target\":{\"@type\":\"EntryPoint\",\"urlTemplate\":\"https:\/\/seychelles.evolutiontravel.it\/infovacanze\/?s={search_term_string}\"},\"query-input\":\"required name=search_term_string\"}],\"inLanguage\":\"it-IT\"}]}<\/script>\n<!-- \/ Yoast SEO plugin. -->","yoast_head_json":{"title":"Grande Soeur, isola granitica delle Seychelles - Evolution Travel","description":"A pochi chilometri da La Digue, l'isola di Grande Soeur si staglia splendida nelle acque dell\u2019Oceano Indiano: scopri con noi il suo splendore!","robots":{"index":"index","follow":"follow","max-snippet":"max-snippet:-1","max-image-preview":"max-image-preview:large","max-video-preview":"max-video-preview:-1"},"canonical":"https:\/\/seychelles.evolutiontravel.it\/infovacanze\/destinazioni\/grande-soeur\/","twitter_misc":{"Tempo di lettura stimato":"1 minuto"},"schema":{"@context":"https:\/\/schema.org","@graph":[{"@type":"WebPage","@id":"https:\/\/seychelles.evolutiontravel.it\/infovacanze\/destinazioni\/grande-soeur\/","url":"https:\/\/seychelles.evolutiontravel.it\/infovacanze\/destinazioni\/grande-soeur\/","name":"Grande Soeur, isola granitica delle Seychelles - Evolution Travel","isPartOf":{"@id":"https:\/\/seychelles.evolutiontravel.it\/infovacanze\/#website"},"datePublished":"2013-08-20T10:47:14+00:00","dateModified":"2018-01-11T09:27:15+00:00","description":"A pochi chilometri da La Digue, l'isola di Grande Soeur si staglia splendida nelle acque dell\u2019Oceano Indiano: scopri con noi il suo splendore!","breadcrumb":{"@id":"https:\/\/seychelles.evolutiontravel.it\/infovacanze\/destinazioni\/grande-soeur\/#breadcrumb"},"inLanguage":"it-IT","potentialAction":[{"@type":"ReadAction","target":["https:\/\/seychelles.evolutiontravel.it\/infovacanze\/destinazioni\/grande-soeur\/"]}]},{"@type":"BreadcrumbList","@id":"https:\/\/seychelles.evolutiontravel.it\/infovacanze\/destinazioni\/grande-soeur\/#breadcrumb","itemListElement":[{"@type":"ListItem","position":1,"name":"Luoghi da non perdere alle Seychelles","item":"https:\/\/seychelles.evolutiontravel.it\/infovacanze\/destinazioni\/"},{"@type":"ListItem","position":2,"name":"Grande Soeur"}]},{"@type":"WebSite","@id":"https:\/\/seychelles.evolutiontravel.it\/infovacanze\/#website","url":"https:\/\/seychelles.evolutiontravel.it\/infovacanze\/","name":"Seychelles","description":"","potentialAction":[{"@type":"SearchAction","target":{"@type":"EntryPoint","urlTemplate":"https:\/\/seychelles.evolutiontravel.it\/infovacanze\/?s={search_term_string}"},"query-input":"required name=search_term_string"}],"inLanguage":"it-IT"}]}},"_links":{"self":[{"href":"https:\/\/seychelles.evolutiontravel.it\/infovacanze\/wp-json\/wp\/v2\/pages\/172"}],"collection":[{"href":"https:\/\/seychelles.evolutiontravel.it\/infovacanze\/wp-json\/wp\/v2\/pages"}],"about":[{"href":"https:\/\/seychelles.evolutiontravel.it\/infovacanze\/wp-json\/wp\/v2\/types\/page"}],"author":[{"embeddable":true,"href":"https:\/\/seychelles.evolutiontravel.it\/infovacanze\/wp-json\/wp\/v2\/users\/1"}],"replies":[{"embeddable":true,"href":"https:\/\/seychelles.evolutiontravel.it\/infovacanze\/wp-json\/wp\/v2\/comments?post=172"}],"version-history":[{"count":7,"href":"https:\/\/seychelles.evolutiontravel.it\/infovacanze\/wp-json\/wp\/v2\/pages\/172\/revisions"}],"predecessor-version":[{"id":855,"href":"https:\/\/seychelles.evolutiontravel.it\/infovacanze\/wp-json\/wp\/v2\/pages\/172\/revisions\/855"}],"up":[{"embeddable":true,"href":"https:\/\/seychelles.evolutiontravel.it\/infovacanze\/wp-json\/wp\/v2\/pages\/164"}],"wp:attachment":[{"href":"https:\/\/seychelles.evolutiontravel.it\/infovacanze\/wp-json\/wp\/v2\/media?parent=172"}],"curies":[{"name":"wp","href":"https:\/\/api.w.org\/{rel}","templated":true}]}}