{"id":168,"date":"2013-08-20T12:44:43","date_gmt":"2013-08-20T10:44:43","guid":{"rendered":"http:\/\/seychelles.evolutiontravel.it\/infovacanze\/?page_id=168"},"modified":"2018-01-11T11:46:30","modified_gmt":"2018-01-11T10:46:30","slug":"la-digue","status":"publish","type":"page","link":"https:\/\/seychelles.evolutiontravel.it\/infovacanze\/destinazioni\/la-digue\/","title":{"rendered":"La Digue e le sue attrazioni naturali"},"content":{"rendered":"<p><strong>La Digue<\/strong>, Seychelles, una delle tante mete di vacanza e attrazioni naturali dell&#8217;arcipelago.<\/p>\n<p>Abbandonate ogni stress, buttatevi alle spalle i rtimi freneteci della cit\u00e0: a La Digue le automobili sono quasi rare, soppiantate da altri mezzi di trasporto pi\u00f9 ecologici come biciclette, carri trainati da buoi utilizzati alle volte anche come taxi per i turisti.<\/p>\n<p><strong>Isola granitica, <\/strong>come si pu\u00f2 ampiamente notare dagli <strong>enormi massi color rosa<\/strong> che sovrastano le spiagge tra le pi\u00f9 belle di tutte le Seychelles, \u00e8 per i turisti appassionati di immersioni la meta ideale per osservare la\u00a0<strong>barriera corallina.<\/strong><\/p>\n<h2>Spiagge<\/h2>\n<p>Qui si trovano alcune <strong>tra le pi\u00f9 affascinanti spiagge<\/strong> delle Seychelles come <strong>Anse Source D&#8217;Argent<\/strong>. Per gli amanti del surf c&#8217;\u00e8 <strong>Grand Anse<\/strong>, con i suoi riflessi dorati e le onde che aspettano solo di essere cavalcate.<\/p>\n<p><img loading=\"lazy\" decoding=\"async\" class=\"size-medium wp-image-714 alignright\" src=\"https:\/\/seychelles.evolutiontravel.it\/infovacanze\/wp-content\/uploads\/sites\/16\/2013\/08\/La-Digue-300x200.jpg\" alt=\"La Digue\" width=\"300\" height=\"200\" srcset=\"https:\/\/seychelles.evolutiontravel.it\/infovacanze\/wp-content\/uploads\/sites\/16\/2013\/08\/La-Digue-300x200.jpg 300w, https:\/\/seychelles.evolutiontravel.it\/infovacanze\/wp-content\/uploads\/sites\/16\/2013\/08\/La-Digue.jpg 400w\" sizes=\"(max-width: 300px) 100vw, 300px\" \/><\/p>\n<p>Se vi \u00e8 piaciuta Grande Anse allora vi piacer\u00e0 anche\u00a0<strong>Petite Anse<\/strong>, pi\u00f9 piccola e tranquilla della prima ma di eguale bellezza. Ancora pi\u00f9 tranquilla e isolata \u00e8\u00a0<strong>Anse Cocco: raggiungibile solo a piedi<\/strong>.<\/p>\n<p>Al centro di La Digue si erge <strong>la cima pi\u00f9 alta dell&#8217;isola: <\/strong><strong>Belle Vue<\/strong>, con i suoi oltre trecento metri sopra il livello del mare.<\/p>\n<p>Un&#8217;attrazione da non perdere \u00e8 l&#8217;<strong>Union Estate Park<\/strong>, una tenuta a sud dell&#8217;isola dove osservare l&#8217;enorme Monolite plasmato dalla natura o La Piantagione con le sue diverse specie vegetali dell&#8217;isola.\u00a0 Ai piedi di questro gigantesco masso granitico incontrerete le <strong>tartarughe di terra giganti<\/strong>.<\/p>\n<h3 style=\"text-align: center\">Offerte &#8220;Speciale La Digue&#8221; Seychelles<\/h3>\n<p style=\"text-align: center\"><span style=\"color: #008000\"><strong>CLICCA E SCOPRI SUBITO<\/strong><\/span>: <strong>programma<\/strong>,<strong> foto<\/strong>, <strong>attivit\u00e0<\/strong>, <strong>partenze<\/strong> e molto altro per<strong><span style=\"color: #008000\"> LA DIGUE<\/span><\/strong>!<\/p>\n<div class=\"feedzy-4dc915c74e17cb27d992d3952b30a426 feedzy-rss\">\n\t\t<ul class=\"feedzy-style2\">\n\t\t\t\t\t<li  style=\"padding: 23px 0 38px\" class=\"rss_item feedzy-rss-col-3\" >\n\t\t\t\t\t\t\t\t\t<div class=\"rss_image\" style=\"width:225px; height:225px;\">\n\t\t\t\t\t\t<a href=\"https:\/\/seychelles.evolutiontravel.it\/it_IT\/899\/tab\/39204_villa-creole-guest-house.html\" target=\"_blank\" \n\t\t\t\t\t\t\trel=\"noopener \"\n\t\t\t\t\t\t\ttitle=\"Villa Creole Guest House\"\n\t\t\t\t\t\t\tstyle=\"width:225px; height:225px;\">\n\t\t\t\t\t\t\t<span class=\"fetched\" style=\"background-image:  url('http:\/\/etcdn.net\/thumbnails\/39204\/it-la-digue-villa-creole-guest-house-79d70.jpg');\" title=\"Villa Creole Guest House\"><\/span><amp-img width=\"225\" height=\"225\" src=\"http:\/\/etcdn.net\/thumbnails\/39204\/it-la-digue-villa-creole-guest-house-79d70.jpg\">\t\t\t\t\t\t<\/a>\n\t\t\t\t\t<\/div>\n\t\t\t\t\t\t\t\t<div class=\"rss_content_wrap\">\n\t\t\t\t\t<span class=\"title\">\n\t\t\t\t\t\t<a href=\"https:\/\/seychelles.evolutiontravel.it\/it_IT\/899\/tab\/39204_villa-creole-guest-house.html\" target=\"_blank\"  rel=\"noopener \">\n\t\t\t\t\t\t\tVilla Creole Guest House\t\t\t\t\t\t<\/a>\n\t\t\t\t\t<\/span>\n\t\t\t\t\t<div class=\"rss_content\"\n\t\t\t\t\t\t\tstyle=\"\">\n\t\t\t\t\t\t\n\t\t\t\t\t\t\t\t\t\t\t\t<p class=\"description\">Svegliati fronte mare a Anse Reunion, a La Digue: Villa Creole offre chalet creoli immersi nel verde, a pochi minuti da Anse [&hellip;]<\/p>\n\t\t\t\t\t\t\n\t\t\t\t\t\t\t\t\t\t\t\t\t\t\t\t\t\t\t<div class=\"price-wrap\">\n\t\t\t\t\t\t\t\t<a href=\"https:\/\/seychelles.evolutiontravel.it\/it_IT\/899\/tab\/39204_villa-creole-guest-house.html\" target=\"_blank\" rel=\"noopener\"><button class=\"price\"> 1630<\/button><\/a>\n\t\t\t\t\t\t\t<\/div>\n\t\t\t\t\t\t\t\t\t\t\t<\/div>\n\t\t\t\t<\/div>\n\t\t\t<\/li>\n\t\t\t\t\t\t<li  style=\"padding: 23px 0 38px\" class=\"rss_item feedzy-rss-col-3\" >\n\t\t\t\t\t\t\t\t\t<div class=\"rss_image\" style=\"width:225px; height:225px;\">\n\t\t\t\t\t\t<a href=\"https:\/\/seychelles.evolutiontravel.it\/it_IT\/899\/tab\/27489_la-diguoise-guesthouse.html\" target=\"_blank\" \n\t\t\t\t\t\t\trel=\"noopener \"\n\t\t\t\t\t\t\ttitle=\"La Diguoise Guesthouse\"\n\t\t\t\t\t\t\tstyle=\"width:225px; height:225px;\">\n\t\t\t\t\t\t\t<span class=\"fetched\" style=\"background-image:  url('http:\/\/etcdn.net\/thumbnails\/27489\/it-la-digue-la-diguoise-guesthouse-527bb.jpg');\" title=\"La Diguoise Guesthouse\"><\/span><amp-img width=\"225\" height=\"225\" src=\"http:\/\/etcdn.net\/thumbnails\/27489\/it-la-digue-la-diguoise-guesthouse-527bb.jpg\">\t\t\t\t\t\t<\/a>\n\t\t\t\t\t<\/div>\n\t\t\t\t\t\t\t\t<div class=\"rss_content_wrap\">\n\t\t\t\t\t<span class=\"title\">\n\t\t\t\t\t\t<a href=\"https:\/\/seychelles.evolutiontravel.it\/it_IT\/899\/tab\/27489_la-diguoise-guesthouse.html\" target=\"_blank\"  rel=\"noopener \">\n\t\t\t\t\t\t\tLa Diguoise Guesthouse\t\t\t\t\t\t<\/a>\n\t\t\t\t\t<\/span>\n\t\t\t\t\t<div class=\"rss_content\"\n\t\t\t\t\t\t\tstyle=\"\">\n\t\t\t\t\t\t\n\t\t\t\t\t\t\t\t\t\t\t\t<p class=\"description\">Soggiorna a La Diguoise e vivi un\u2019oasi esclusiva a due passi da Anse Source d'Argent. Ville immerse nel verde, piscina, cucina [&hellip;]<\/p>\n\t\t\t\t\t\t\n\t\t\t\t\t\t\t\t\t\t\t\t\t\t\t\t\t\t\t<div class=\"price-wrap\">\n\t\t\t\t\t\t\t\t<a href=\"https:\/\/seychelles.evolutiontravel.it\/it_IT\/899\/tab\/27489_la-diguoise-guesthouse.html\" target=\"_blank\" rel=\"noopener\"><button class=\"price\"> 1640<\/button><\/a>\n\t\t\t\t\t\t\t<\/div>\n\t\t\t\t\t\t\t\t\t\t\t<\/div>\n\t\t\t\t<\/div>\n\t\t\t<\/li>\n\t\t\t\t\t\t<li  style=\"padding: 23px 0 38px\" class=\"rss_item feedzy-rss-col-3\" >\n\t\t\t\t\t\t\t\t\t<div class=\"rss_image\" style=\"width:225px; height:225px;\">\n\t\t\t\t\t\t<a href=\"https:\/\/seychelles.evolutiontravel.it\/it_IT\/899\/tab\/39203_patatran-village-hotel.html\" target=\"_blank\" \n\t\t\t\t\t\t\trel=\"noopener \"\n\t\t\t\t\t\t\ttitle=\"Patatran Village Hotel\"\n\t\t\t\t\t\t\tstyle=\"width:225px; height:225px;\">\n\t\t\t\t\t\t\t<span class=\"fetched\" style=\"background-image:  url('http:\/\/etcdn.net\/thumbnails\/39203\/it-la-digue-patatran-village-hotel-878dd.jpg');\" title=\"Patatran Village Hotel\"><\/span><amp-img width=\"225\" height=\"225\" src=\"http:\/\/etcdn.net\/thumbnails\/39203\/it-la-digue-patatran-village-hotel-878dd.jpg\">\t\t\t\t\t\t<\/a>\n\t\t\t\t\t<\/div>\n\t\t\t\t\t\t\t\t<div class=\"rss_content_wrap\">\n\t\t\t\t\t<span class=\"title\">\n\t\t\t\t\t\t<a href=\"https:\/\/seychelles.evolutiontravel.it\/it_IT\/899\/tab\/39203_patatran-village-hotel.html\" target=\"_blank\"  rel=\"noopener \">\n\t\t\t\t\t\t\tPatatran Village Hotel\t\t\t\t\t\t<\/a>\n\t\t\t\t\t<\/span>\n\t\t\t\t\t<div class=\"rss_content\"\n\t\t\t\t\t\t\tstyle=\"\">\n\t\t\t\t\t\t\n\t\t\t\t\t\t\t\t\t\t\t\t<p class=\"description\">Affacciato sulle acque turchesi di Anse Patate, a La Digue, il Patatran Village offre bungalow panoramici, privacy assoluta, [&hellip;]<\/p>\n\t\t\t\t\t\t\n\t\t\t\t\t\t\t\t\t\t\t\t\t\t\t\t\t\t\t<div class=\"price-wrap\">\n\t\t\t\t\t\t\t\t<a href=\"https:\/\/seychelles.evolutiontravel.it\/it_IT\/899\/tab\/39203_patatran-village-hotel.html\" target=\"_blank\" rel=\"noopener\"><button class=\"price\"> 1890<\/button><\/a>\n\t\t\t\t\t\t\t<\/div>\n\t\t\t\t\t\t\t\t\t\t\t<\/div>\n\t\t\t\t<\/div>\n\t\t\t<\/li>\n\t\t\t\t\t\t<li  style=\"padding: 23px 0 38px\" class=\"rss_item feedzy-rss-col-3\" >\n\t\t\t\t\t\t\t\t\t<div class=\"rss_image\" style=\"width:225px; height:225px;\">\n\t\t\t\t\t\t<a href=\"https:\/\/seychelles.evolutiontravel.it\/it_IT\/899\/tab\/9747_la-digue-island-lodge-hotel.html\" target=\"_blank\" \n\t\t\t\t\t\t\trel=\"noopener \"\n\t\t\t\t\t\t\ttitle=\"La Digue Island Lodge Hotel\"\n\t\t\t\t\t\t\tstyle=\"width:225px; height:225px;\">\n\t\t\t\t\t\t\t<span class=\"fetched\" style=\"background-image:  url('http:\/\/etcdn.net\/thumbnails\/9747\/it-la-digue-la-digue-island-lodge-hotel-87420.jpg');\" title=\"La Digue Island Lodge Hotel\"><\/span><amp-img width=\"225\" height=\"225\" src=\"http:\/\/etcdn.net\/thumbnails\/9747\/it-la-digue-la-digue-island-lodge-hotel-87420.jpg\">\t\t\t\t\t\t<\/a>\n\t\t\t\t\t<\/div>\n\t\t\t\t\t\t\t\t<div class=\"rss_content_wrap\">\n\t\t\t\t\t<span class=\"title\">\n\t\t\t\t\t\t<a href=\"https:\/\/seychelles.evolutiontravel.it\/it_IT\/899\/tab\/9747_la-digue-island-lodge-hotel.html\" target=\"_blank\"  rel=\"noopener \">\n\t\t\t\t\t\t\tLa Digue Island Lodge Hotel\t\t\t\t\t\t<\/a>\n\t\t\t\t\t<\/span>\n\t\t\t\t\t<div class=\"rss_content\"\n\t\t\t\t\t\t\tstyle=\"\">\n\t\t\t\t\t\t\n\t\t\t\t\t\t\t\t\t\t\t\t<p class=\"description\">La Digue Island Lodge \u00e8 un rifugio immerso in giardini tropicali, dove storia e ospitalit\u00e0 creola si incontrano. Un luogo [&hellip;]<\/p>\n\t\t\t\t\t\t\n\t\t\t\t\t\t\t\t\t\t\t\t\t\t\t\t\t\t\t<div class=\"price-wrap\">\n\t\t\t\t\t\t\t\t<a href=\"https:\/\/seychelles.evolutiontravel.it\/it_IT\/899\/tab\/9747_la-digue-island-lodge-hotel.html\" target=\"_blank\" rel=\"noopener\"><button class=\"price\"> 2100<\/button><\/a>\n\t\t\t\t\t\t\t<\/div>\n\t\t\t\t\t\t\t\t\t\t\t<\/div>\n\t\t\t\t<\/div>\n\t\t\t<\/li>\n\t\t\t\t\t\t<li  style=\"padding: 23px 0 38px\" class=\"rss_item feedzy-rss-col-3\" >\n\t\t\t\t\t\t\t\t\t<div class=\"rss_image\" style=\"width:225px; height:225px;\">\n\t\t\t\t\t\t<a href=\"https:\/\/seychelles.evolutiontravel.it\/it_IT\/899\/tab\/39194_le-repaire-boutique-hotel.html\" target=\"_blank\" \n\t\t\t\t\t\t\trel=\"noopener \"\n\t\t\t\t\t\t\ttitle=\"Le Repaire Boutique Hotel\"\n\t\t\t\t\t\t\tstyle=\"width:225px; height:225px;\">\n\t\t\t\t\t\t\t<span class=\"fetched\" style=\"background-image:  url('http:\/\/etcdn.net\/thumbnails\/39194\/it-la-digue-le-repaire-boutique-hotel-restaurant-87389.jpg');\" title=\"Le Repaire Boutique Hotel\"><\/span><amp-img width=\"225\" height=\"225\" src=\"http:\/\/etcdn.net\/thumbnails\/39194\/it-la-digue-le-repaire-boutique-hotel-restaurant-87389.jpg\">\t\t\t\t\t\t<\/a>\n\t\t\t\t\t<\/div>\n\t\t\t\t\t\t\t\t<div class=\"rss_content_wrap\">\n\t\t\t\t\t<span class=\"title\">\n\t\t\t\t\t\t<a href=\"https:\/\/seychelles.evolutiontravel.it\/it_IT\/899\/tab\/39194_le-repaire-boutique-hotel.html\" target=\"_blank\"  rel=\"noopener \">\n\t\t\t\t\t\t\tLe Repaire Boutique Hotel\t\t\t\t\t\t<\/a>\n\t\t\t\t\t<\/span>\n\t\t\t\t\t<div class=\"rss_content\"\n\t\t\t\t\t\t\tstyle=\"\">\n\t\t\t\t\t\t\n\t\t\t\t\t\t\t\t\t\t\t\t<p class=\"description\">Le Repaire Boutique ti accoglie direttamente sulla spiaggia, con lo sguardo che si perde sull\u2019Oceano Indiano verso Praslin. Un [&hellip;]<\/p>\n\t\t\t\t\t\t\n\t\t\t\t\t\t\t\t\t\t\t\t\t\t\t\t\t\t\t<div class=\"price-wrap\">\n\t\t\t\t\t\t\t\t<a href=\"https:\/\/seychelles.evolutiontravel.it\/it_IT\/899\/tab\/39194_le-repaire-boutique-hotel.html\" target=\"_blank\" rel=\"noopener\"><button class=\"price\"> 2080<\/button><\/a>\n\t\t\t\t\t\t\t<\/div>\n\t\t\t\t\t\t\t\t\t\t\t<\/div>\n\t\t\t\t<\/div>\n\t\t\t<\/li>\n\t\t\t\t\t\t<li  style=\"padding: 23px 0 38px\" class=\"rss_item feedzy-rss-col-3\" >\n\t\t\t\t\t\t\t\t\t<div class=\"rss_image\" style=\"width:225px; height:225px;\">\n\t\t\t\t\t\t<a href=\"https:\/\/seychelles.evolutiontravel.it\/it_IT\/899\/tab\/39192_le-nautique-waterfront-hotel.html\" target=\"_blank\" \n\t\t\t\t\t\t\trel=\"noopener \"\n\t\t\t\t\t\t\ttitle=\"Le Nautique Waterfront Hotel\"\n\t\t\t\t\t\t\tstyle=\"width:225px; height:225px;\">\n\t\t\t\t\t\t\t<span class=\"fetched\" style=\"background-image:  url('http:\/\/etcdn.net\/thumbnails\/39192\/it-la-digue-le-nautique-luxury-waterfront-hotel-79c5e.jpg');\" title=\"Le Nautique Waterfront Hotel\"><\/span><amp-img width=\"225\" height=\"225\" src=\"http:\/\/etcdn.net\/thumbnails\/39192\/it-la-digue-le-nautique-luxury-waterfront-hotel-79c5e.jpg\">\t\t\t\t\t\t<\/a>\n\t\t\t\t\t<\/div>\n\t\t\t\t\t\t\t\t<div class=\"rss_content_wrap\">\n\t\t\t\t\t<span class=\"title\">\n\t\t\t\t\t\t<a href=\"https:\/\/seychelles.evolutiontravel.it\/it_IT\/899\/tab\/39192_le-nautique-waterfront-hotel.html\" target=\"_blank\"  rel=\"noopener \">\n\t\t\t\t\t\t\tLe Nautique Waterfront Hotel\t\t\t\t\t\t<\/a>\n\t\t\t\t\t<\/span>\n\t\t\t\t\t<div class=\"rss_content\"\n\t\t\t\t\t\t\tstyle=\"\">\n\t\t\t\t\t\t\n\t\t\t\t\t\t\t\t\t\t\t\t<p class=\"description\">Il Nautique Hotel a La Digue ti accoglie tra mare, giardino e relax. Camere confortevoli, piscina all\u2019aperto e spazi curati [&hellip;]<\/p>\n\t\t\t\t\t\t\n\t\t\t\t\t\t\t\t\t\t\t\t\t\t\t\t\t\t\t<div class=\"price-wrap\">\n\t\t\t\t\t\t\t\t<a href=\"https:\/\/seychelles.evolutiontravel.it\/it_IT\/899\/tab\/39192_le-nautique-waterfront-hotel.html\" target=\"_blank\" rel=\"noopener\"><button class=\"price\"> 2210<\/button><\/a>\n\t\t\t\t\t\t\t<\/div>\n\t\t\t\t\t\t\t\t\t\t\t<\/div>\n\t\t\t\t<\/div>\n\t\t\t<\/li>\n\t\t\t\t<\/ul>\n<\/div>\n<style type=\"text\/css\" media=\"all\">.feedzy-rss .rss_item .rss_image{float:left;position:relative;border:none;text-decoration:none;max-width:100%}.feedzy-rss .rss_item .rss_image span{display:inline-block;position:absolute;width:100%;height:100%;background-position:50%;background-size:cover}.feedzy-rss .rss_item .rss_image{margin:.3em 1em 0 0;content-visibility:auto}.feedzy-rss ul{list-style:none}.feedzy-rss ul li{display:inline-block}<\/style>\n","protected":false},"excerpt":{"rendered":"<p>La Digue, Seychelles, una delle tante mete di vacanza e attrazioni naturali dell&#8217;arcipelago. Abbandonate ogni stress, buttatevi alle spalle i rtimi freneteci della cit\u00e0: a La Digue le automobili sono quasi rare, soppiantate da altri mezzi di trasporto pi\u00f9 ecologici come biciclette, carri trainati da buoi utilizzati alle volte anche come taxi per i turisti. <a class=\"moretag\" href=\"https:\/\/seychelles.evolutiontravel.it\/infovacanze\/destinazioni\/la-digue\/\">[&#8230;]<\/a><\/p>\n","protected":false},"author":1,"featured_media":0,"parent":164,"menu_order":0,"comment_status":"closed","ping_status":"open","template":"templates\/template-with-right-sidebar.php","meta":{"footnotes":""},"yoast_head":"<!-- This site is optimized with the Yoast SEO plugin v21.9.1 - https:\/\/yoast.com\/wordpress\/plugins\/seo\/ -->\n<title>La Digue, le pi\u00f9 belle spiagge alle Seychelles - Evolution Travel<\/title>\n<meta name=\"description\" content=\"Scopri con noi almeno 4 delle pi\u00f9 belle spiagge che puoi trovare a La Digue, immerso nella natura: leggi il nostro articolo!\" \/>\n<meta name=\"robots\" content=\"index, follow, max-snippet:-1, max-image-preview:large, max-video-preview:-1\" \/>\n<link rel=\"canonical\" href=\"https:\/\/seychelles.evolutiontravel.it\/infovacanze\/destinazioni\/la-digue\/\" \/>\n<meta name=\"twitter:label1\" content=\"Tempo di lettura stimato\" \/>\n\t<meta name=\"twitter:data1\" content=\"1 minuto\" \/>\n<script type=\"application\/ld+json\" class=\"yoast-schema-graph\">{\"@context\":\"https:\/\/schema.org\",\"@graph\":[{\"@type\":\"WebPage\",\"@id\":\"https:\/\/seychelles.evolutiontravel.it\/infovacanze\/destinazioni\/la-digue\/\",\"url\":\"https:\/\/seychelles.evolutiontravel.it\/infovacanze\/destinazioni\/la-digue\/\",\"name\":\"La Digue, le pi\u00f9 belle spiagge alle Seychelles - Evolution Travel\",\"isPartOf\":{\"@id\":\"https:\/\/seychelles.evolutiontravel.it\/infovacanze\/#website\"},\"datePublished\":\"2013-08-20T10:44:43+00:00\",\"dateModified\":\"2018-01-11T10:46:30+00:00\",\"description\":\"Scopri con noi almeno 4 delle pi\u00f9 belle spiagge che puoi trovare a La Digue, immerso nella natura: leggi il nostro articolo!\",\"breadcrumb\":{\"@id\":\"https:\/\/seychelles.evolutiontravel.it\/infovacanze\/destinazioni\/la-digue\/#breadcrumb\"},\"inLanguage\":\"it-IT\",\"potentialAction\":[{\"@type\":\"ReadAction\",\"target\":[\"https:\/\/seychelles.evolutiontravel.it\/infovacanze\/destinazioni\/la-digue\/\"]}]},{\"@type\":\"BreadcrumbList\",\"@id\":\"https:\/\/seychelles.evolutiontravel.it\/infovacanze\/destinazioni\/la-digue\/#breadcrumb\",\"itemListElement\":[{\"@type\":\"ListItem\",\"position\":1,\"name\":\"Luoghi da non perdere alle Seychelles\",\"item\":\"https:\/\/seychelles.evolutiontravel.it\/infovacanze\/destinazioni\/\"},{\"@type\":\"ListItem\",\"position\":2,\"name\":\"La Digue e le sue attrazioni naturali\"}]},{\"@type\":\"WebSite\",\"@id\":\"https:\/\/seychelles.evolutiontravel.it\/infovacanze\/#website\",\"url\":\"https:\/\/seychelles.evolutiontravel.it\/infovacanze\/\",\"name\":\"Seychelles\",\"description\":\"\",\"potentialAction\":[{\"@type\":\"SearchAction\",\"target\":{\"@type\":\"EntryPoint\",\"urlTemplate\":\"https:\/\/seychelles.evolutiontravel.it\/infovacanze\/?s={search_term_string}\"},\"query-input\":\"required name=search_term_string\"}],\"inLanguage\":\"it-IT\"}]}<\/script>\n<!-- \/ Yoast SEO plugin. -->","yoast_head_json":{"title":"La Digue, le pi\u00f9 belle spiagge alle Seychelles - Evolution Travel","description":"Scopri con noi almeno 4 delle pi\u00f9 belle spiagge che puoi trovare a La Digue, immerso nella natura: leggi il nostro articolo!","robots":{"index":"index","follow":"follow","max-snippet":"max-snippet:-1","max-image-preview":"max-image-preview:large","max-video-preview":"max-video-preview:-1"},"canonical":"https:\/\/seychelles.evolutiontravel.it\/infovacanze\/destinazioni\/la-digue\/","twitter_misc":{"Tempo di lettura stimato":"1 minuto"},"schema":{"@context":"https:\/\/schema.org","@graph":[{"@type":"WebPage","@id":"https:\/\/seychelles.evolutiontravel.it\/infovacanze\/destinazioni\/la-digue\/","url":"https:\/\/seychelles.evolutiontravel.it\/infovacanze\/destinazioni\/la-digue\/","name":"La Digue, le pi\u00f9 belle spiagge alle Seychelles - Evolution Travel","isPartOf":{"@id":"https:\/\/seychelles.evolutiontravel.it\/infovacanze\/#website"},"datePublished":"2013-08-20T10:44:43+00:00","dateModified":"2018-01-11T10:46:30+00:00","description":"Scopri con noi almeno 4 delle pi\u00f9 belle spiagge che puoi trovare a La Digue, immerso nella natura: leggi il nostro articolo!","breadcrumb":{"@id":"https:\/\/seychelles.evolutiontravel.it\/infovacanze\/destinazioni\/la-digue\/#breadcrumb"},"inLanguage":"it-IT","potentialAction":[{"@type":"ReadAction","target":["https:\/\/seychelles.evolutiontravel.it\/infovacanze\/destinazioni\/la-digue\/"]}]},{"@type":"BreadcrumbList","@id":"https:\/\/seychelles.evolutiontravel.it\/infovacanze\/destinazioni\/la-digue\/#breadcrumb","itemListElement":[{"@type":"ListItem","position":1,"name":"Luoghi da non perdere alle Seychelles","item":"https:\/\/seychelles.evolutiontravel.it\/infovacanze\/destinazioni\/"},{"@type":"ListItem","position":2,"name":"La Digue e le sue attrazioni naturali"}]},{"@type":"WebSite","@id":"https:\/\/seychelles.evolutiontravel.it\/infovacanze\/#website","url":"https:\/\/seychelles.evolutiontravel.it\/infovacanze\/","name":"Seychelles","description":"","potentialAction":[{"@type":"SearchAction","target":{"@type":"EntryPoint","urlTemplate":"https:\/\/seychelles.evolutiontravel.it\/infovacanze\/?s={search_term_string}"},"query-input":"required name=search_term_string"}],"inLanguage":"it-IT"}]}},"_links":{"self":[{"href":"https:\/\/seychelles.evolutiontravel.it\/infovacanze\/wp-json\/wp\/v2\/pages\/168"}],"collection":[{"href":"https:\/\/seychelles.evolutiontravel.it\/infovacanze\/wp-json\/wp\/v2\/pages"}],"about":[{"href":"https:\/\/seychelles.evolutiontravel.it\/infovacanze\/wp-json\/wp\/v2\/types\/page"}],"author":[{"embeddable":true,"href":"https:\/\/seychelles.evolutiontravel.it\/infovacanze\/wp-json\/wp\/v2\/users\/1"}],"replies":[{"embeddable":true,"href":"https:\/\/seychelles.evolutiontravel.it\/infovacanze\/wp-json\/wp\/v2\/comments?post=168"}],"version-history":[{"count":6,"href":"https:\/\/seychelles.evolutiontravel.it\/infovacanze\/wp-json\/wp\/v2\/pages\/168\/revisions"}],"predecessor-version":[{"id":873,"href":"https:\/\/seychelles.evolutiontravel.it\/infovacanze\/wp-json\/wp\/v2\/pages\/168\/revisions\/873"}],"up":[{"embeddable":true,"href":"https:\/\/seychelles.evolutiontravel.it\/infovacanze\/wp-json\/wp\/v2\/pages\/164"}],"wp:attachment":[{"href":"https:\/\/seychelles.evolutiontravel.it\/infovacanze\/wp-json\/wp\/v2\/media?parent=168"}],"curies":[{"name":"wp","href":"https:\/\/api.w.org\/{rel}","templated":true}]}}